{"id":3168,"date":"2025-04-14T16:02:11","date_gmt":"2025-04-14T14:02:11","guid":{"rendered":"https:\/\/montina.it\/prodotto\/philip-sofa\/"},"modified":"2026-03-15T09:33:34","modified_gmt":"2026-03-15T08:33:34","slug":"philip-sofa","status":"publish","type":"product","link":"https:\/\/montina.it\/en\/product\/philip-sofa\/","title":{"rendered":"Philip Sofa"},"content":{"rendered":"<p data-start=\"34\" data-end=\"337\">Il <strong data-start=\"37\" data-end=\"54\">divano Philip<\/strong> di <span class=\"hover:entity-accent entity-underline inline cursor-pointer align-baseline\"><span class=\"whitespace-normal\">Montina<\/span><\/span>, progettato da <strong data-start=\"111\" data-end=\"129\">Studio Montina<\/strong> e prodotto nel <strong data-start=\"145\" data-end=\"153\">2022<\/strong>, \u00e8 un divano lussuoso e dall\u2019estetica elegante pensato per ambienti living contemporanei dove comfort e design si incontrano in perfetta armonia.<\/p>\n<p data-start=\"339\" data-end=\"608\">Con linee rigorose e profili equilibrati, Philip interpreta con garbo la missione dell\u2019arredo domestico moderno, introducendo una dinamica distribuzione dei volumi in spazio, evidenziata da forme accoglienti e proporzioni generose.<\/p>\n<p data-start=\"610\" data-end=\"954\">La struttura imbottita \u00e8 realizzata con poliuretano espanso di alta qualit\u00e0 e pu\u00f2 essere rivestita in <strong data-start=\"712\" data-end=\"731\">tessuto o pelle<\/strong> in una vasta gamma di finiture disponibili su richiesta. Il risultato \u00e8 un divano che unisce eleganza visiva e comfort di seduta prolungato, ideale per momenti di relax e convivialit\u00e0.<\/p>\n<p data-start=\"1463\" data-end=\"1494\"><strong data-start=\"1463\" data-end=\"1492\">Caratteristiche tecniche:<\/strong><\/p>\n<p data-start=\"1555\" data-end=\"1618\">Struttura: imbottitura in poliuretano espanso ad alta qualit\u00e0<\/p>\n<p data-start=\"1729\" data-end=\"1769\">Configurazioni: vedi componibilit\u00e0 su scheda tecnica<\/p>","protected":false},"excerpt":{"rendered":"<p>Il divano Philip di Montina, progettato da Studio Montina e prodotto nel 2022, \u00e8 un divano lussuoso e dall\u2019estetica elegante pensato per ambienti living contemporanei dove comfort e design si incontrano in perfetta armonia. Con linee rigorose e profili equilibrati, Philip interpreta con garbo la missione dell\u2019arredo domestico moderno, introducendo una dinamica distribuzione dei volumi [&hellip;]<\/p>","protected":false},"featured_media":3170,"template":"","meta":{"_acf_changed":false},"product_brand":[96],"product_cat":[137,125,139,54,135,136,133,129,132],"product_tag":[],"class_list":{"0":"post-3168","1":"product","2":"type-product","3":"status-publish","4":"has-post-thumbnail","6":"designer-studio-montina","7":"product_brand-montina","8":"product_cat-accoglienza","9":"product_cat-casa","10":"product_cat-co-working","11":"product_cat-divani","12":"product_cat-sale-dattesa","13":"product_cat-spazi-pubblici","14":"product_cat-spazi-ufficio","15":"product_cat-spazio-di-lavoro","16":"product_cat-ufficio","18":"first","19":"instock","20":"shipping-taxable","21":"purchasable","22":"product-type-simple"},"acf":[],"yoast_head":"<!-- This site is optimized with the Yoast SEO plugin v24.7 - https:\/\/yoast.com\/wordpress\/plugins\/seo\/ -->\n<title>Divano Philip - Montina<\/title>\n<meta name=\"robots\" content=\"index, follow, max-snippet:-1, max-image-preview:large, max-video-preview:-1\" \/>\n<link rel=\"canonical\" href=\"https:\/\/montina.it\/en\/product\/philip-sofa\/?trp_user_switched=1\" \/>\n<meta property=\"og:locale\" content=\"en_GB\" \/>\n<meta property=\"og:type\" content=\"article\" \/>\n<meta property=\"og:title\" content=\"Divano Philip - Montina\" \/>\n<meta property=\"og:description\" content=\"Il divano Philip di Montina, progettato da Studio Montina e prodotto nel 2022, \u00e8 un divano lussuoso e dall\u2019estetica elegante pensato per ambienti living contemporanei dove comfort e design si incontrano in perfetta armonia. Con linee rigorose e profili equilibrati, Philip interpreta con garbo la missione dell\u2019arredo domestico moderno, introducendo una dinamica distribuzione dei volumi [&hellip;]\" \/>\n<meta property=\"og:url\" content=\"https:\/\/montina.it\/en\/product\/philip-sofa\/?trp_user_switched=1\" \/>\n<meta property=\"og:site_name\" content=\"Montina\" \/>\n<meta property=\"article:publisher\" content=\"https:\/\/www.facebook.com\/Montina-623239277886558\/\" \/>\n<meta property=\"article:modified_time\" content=\"2026-03-15T08:33:34+00:00\" \/>\n<meta property=\"og:image\" content=\"https:\/\/montina.it\/wp-content\/uploads\/2025\/04\/philip_1-1.jpg\" \/>\n\t<meta property=\"og:image:width\" content=\"1739\" \/>\n\t<meta property=\"og:image:height\" content=\"1200\" \/>\n\t<meta property=\"og:image:type\" content=\"image\/jpeg\" \/>\n<meta name=\"twitter:card\" content=\"summary_large_image\" \/>\n<meta name=\"twitter:label1\" content=\"Estimated reading time\" \/>\n\t<meta name=\"twitter:data1\" content=\"1 minute\" \/>\n<script type=\"application\/ld+json\" class=\"yoast-schema-graph\">{\"@context\":\"https:\/\/schema.org\",\"@graph\":[{\"@type\":\"WebPage\",\"@id\":\"https:\/\/montina.it\/en\/philip-sofa\/\",\"url\":\"https:\/\/montina.it\/en\/philip-sofa\/\",\"name\":\"Philip | Montina\u00ae\",\"isPartOf\":{\"@id\":\"https:\/\/montina.it\/en\/#website\"},\"primaryImageOfPage\":{\"@id\":\"https:\/\/montina.it\/prodotto\/philip-sofa\/#primaryimage\"},\"image\":{\"@id\":\"https:\/\/montina.it\/prodotto\/philip-sofa\/#primaryimage\"},\"thumbnailUrl\":\"https:\/\/montina.it\/wp-content\/uploads\/2025\/04\/philip_1-1.jpg\",\"datePublished\":\"2025-04-14T14:02:11+00:00\",\"dateModified\":\"2026-03-15T08:33:34+00:00\",\"breadcrumb\":{\"@id\":\"https:\/\/montina.it\/prodotto\/philip-sofa\/#breadcrumb\"},\"inLanguage\":\"en-GB\",\"potentialAction\":[{\"@type\":\"ReadAction\",\"target\":[\"https:\/\/montina.it\/en\/philip-sofa\/\"]}],\"description\":\"Philip by Montina is an elegant contemporary sofa with polyurethane padding and customizable upholstery. 100% Made in Italy.\"},{\"@type\":\"ImageObject\",\"inLanguage\":\"en-GB\",\"@id\":\"https:\/\/montina.it\/prodotto\/philip-sofa\/#primaryimage\",\"url\":\"https:\/\/montina.it\/wp-content\/uploads\/2025\/04\/philip_1-1.jpg\",\"contentUrl\":\"https:\/\/montina.it\/wp-content\/uploads\/2025\/04\/philip_1-1.jpg\",\"width\":1739,\"height\":1200},{\"@type\":\"BreadcrumbList\",\"@id\":\"https:\/\/montina.it\/prodotto\/philip-sofa\/#breadcrumb\",\"itemListElement\":[{\"@type\":\"ListItem\",\"position\":1,\"name\":\"Home\",\"item\":\"https:\/\/montina.it\/\"},{\"@type\":\"ListItem\",\"position\":2,\"name\":\"Prodotti\",\"item\":\"https:\/\/montina.it\/prodotti\/\"},{\"@type\":\"ListItem\",\"position\":3,\"name\":\"Divano Philip\"}]},{\"@type\":\"WebSite\",\"@id\":\"https:\/\/montina.it\/en\/#website\",\"url\":\"https:\/\/montina.it\/en\/\",\"name\":\"Montina\",\"description\":\"\",\"publisher\":{\"@id\":\"https:\/\/montina.it\/en\/#organization\"},\"potentialAction\":[{\"@type\":\"SearchAction\",\"target\":{\"@type\":\"EntryPoint\",\"urlTemplate\":\"https:\/\/montina.it\/en\/?s={search_term_string}\"},\"query-input\":{\"@type\":\"PropertyValueSpecification\",\"valueRequired\":true,\"valueName\":\"search_term_string\"}}],\"inLanguage\":\"en-GB\"},{\"@type\":\"Organization\",\"@id\":\"https:\/\/montina.it\/en\/#organization\",\"name\":\"Montina\",\"url\":\"https:\/\/montina.it\/en\/\",\"logo\":{\"@type\":\"ImageObject\",\"inLanguage\":\"en-GB\",\"@id\":\"https:\/\/montina.it\/en\/#\/schema\/logo\/image\/\",\"url\":\"https:\/\/montina.it\/wp-content\/uploads\/2025\/03\/MN_.svg\",\"contentUrl\":\"https:\/\/montina.it\/wp-content\/uploads\/2025\/03\/MN_.svg\",\"width\":987,\"height\":253,\"caption\":\"Montina\"},\"image\":{\"@id\":\"https:\/\/montina.it\/en\/#\/schema\/logo\/image\/\"},\"sameAs\":[\"https:\/\/www.facebook.com\/Montina-623239277886558\/\"]}]}<\/script>\n<!-- \/ Yoast SEO plugin. -->","yoast_head_json":{"title":"Divano Philip - Montina","robots":{"index":"index","follow":"follow","max-snippet":"max-snippet:-1","max-image-preview":"max-image-preview:large","max-video-preview":"max-video-preview:-1"},"canonical":"https:\/\/montina.it\/en\/product\/philip-sofa\/?trp_user_switched=1","og_locale":"en_GB","og_type":"article","og_title":"Divano Philip - Montina","og_description":"Il divano Philip di Montina, progettato da Studio Montina e prodotto nel 2022, \u00e8 un divano lussuoso e dall\u2019estetica elegante pensato per ambienti living contemporanei dove comfort e design si incontrano in perfetta armonia. Con linee rigorose e profili equilibrati, Philip interpreta con garbo la missione dell\u2019arredo domestico moderno, introducendo una dinamica distribuzione dei volumi [&hellip;]","og_url":"https:\/\/montina.it\/en\/product\/philip-sofa\/?trp_user_switched=1","og_site_name":"Montina","article_publisher":"https:\/\/www.facebook.com\/Montina-623239277886558\/","article_modified_time":"2026-03-15T08:33:34+00:00","og_image":[{"width":1739,"height":1200,"url":"https:\/\/montina.it\/wp-content\/uploads\/2025\/04\/philip_1-1.jpg","type":"image\/jpeg"}],"twitter_card":"summary_large_image","twitter_misc":{"Estimated reading time":"1 minute"},"schema":{"@context":"https:\/\/schema.org","@graph":[{"@type":"WebPage","@id":"https:\/\/montina.it\/en\/philip-sofa\/","url":"https:\/\/montina.it\/en\/philip-sofa\/","name":"Philip | Montina\u00ae","isPartOf":{"@id":"https:\/\/montina.it\/en\/#website"},"primaryImageOfPage":{"@id":"https:\/\/montina.it\/prodotto\/philip-sofa\/#primaryimage"},"image":{"@id":"https:\/\/montina.it\/prodotto\/philip-sofa\/#primaryimage"},"thumbnailUrl":"https:\/\/montina.it\/wp-content\/uploads\/2025\/04\/philip_1-1.jpg","datePublished":"2025-04-14T14:02:11+00:00","dateModified":"2026-03-15T08:33:34+00:00","breadcrumb":{"@id":"https:\/\/montina.it\/prodotto\/philip-sofa\/#breadcrumb"},"inLanguage":"en-GB","potentialAction":[{"@type":"ReadAction","target":["https:\/\/montina.it\/en\/philip-sofa\/"]}],"description":"Philip by Montina is an elegant contemporary sofa with polyurethane padding and customizable upholstery. 100% Made in Italy."},{"@type":"ImageObject","inLanguage":"en-GB","@id":"https:\/\/montina.it\/prodotto\/philip-sofa\/#primaryimage","url":"https:\/\/montina.it\/wp-content\/uploads\/2025\/04\/philip_1-1.jpg","contentUrl":"https:\/\/montina.it\/wp-content\/uploads\/2025\/04\/philip_1-1.jpg","width":1739,"height":1200},{"@type":"BreadcrumbList","@id":"https:\/\/montina.it\/prodotto\/philip-sofa\/#breadcrumb","itemListElement":[{"@type":"ListItem","position":1,"name":"Home","item":"https:\/\/montina.it\/"},{"@type":"ListItem","position":2,"name":"Prodotti","item":"https:\/\/montina.it\/prodotti\/"},{"@type":"ListItem","position":3,"name":"Divano Philip"}]},{"@type":"WebSite","@id":"https:\/\/montina.it\/en\/#website","url":"https:\/\/montina.it\/en\/","name":"Montina","description":"","publisher":{"@id":"https:\/\/montina.it\/en\/#organization"},"potentialAction":[{"@type":"SearchAction","target":{"@type":"EntryPoint","urlTemplate":"https:\/\/montina.it\/en\/?s={search_term_string}"},"query-input":{"@type":"PropertyValueSpecification","valueRequired":true,"valueName":"search_term_string"}}],"inLanguage":"en-GB"},{"@type":"Organization","@id":"https:\/\/montina.it\/en\/#organization","name":"Montina","url":"https:\/\/montina.it\/en\/","logo":{"@type":"ImageObject","inLanguage":"en-GB","@id":"https:\/\/montina.it\/en\/#\/schema\/logo\/image\/","url":"https:\/\/montina.it\/wp-content\/uploads\/2025\/03\/MN_.svg","contentUrl":"https:\/\/montina.it\/wp-content\/uploads\/2025\/03\/MN_.svg","width":987,"height":253,"caption":"Montina"},"image":{"@id":"https:\/\/montina.it\/en\/#\/schema\/logo\/image\/"},"sameAs":["https:\/\/www.facebook.com\/Montina-623239277886558\/"]}]}},"_links":{"self":[{"href":"https:\/\/montina.it\/en\/wp-json\/wp\/v2\/product\/3168","targetHints":{"allow":["GET"]}}],"collection":[{"href":"https:\/\/montina.it\/en\/wp-json\/wp\/v2\/product"}],"about":[{"href":"https:\/\/montina.it\/en\/wp-json\/wp\/v2\/types\/product"}],"version-history":[{"count":7,"href":"https:\/\/montina.it\/en\/wp-json\/wp\/v2\/product\/3168\/revisions"}],"predecessor-version":[{"id":4685,"href":"https:\/\/montina.it\/en\/wp-json\/wp\/v2\/product\/3168\/revisions\/4685"}],"wp:featuredmedia":[{"embeddable":true,"href":"https:\/\/montina.it\/en\/wp-json\/wp\/v2\/media\/3170"}],"wp:attachment":[{"href":"https:\/\/montina.it\/en\/wp-json\/wp\/v2\/media?parent=3168"}],"wp:term":[{"taxonomy":"product_brand","embeddable":true,"href":"https:\/\/montina.it\/en\/wp-json\/wp\/v2\/product_brand?post=3168"},{"taxonomy":"product_cat","embeddable":true,"href":"https:\/\/montina.it\/en\/wp-json\/wp\/v2\/product_cat?post=3168"},{"taxonomy":"product_tag","embeddable":true,"href":"https:\/\/montina.it\/en\/wp-json\/wp\/v2\/product_tag?post=3168"}],"curies":[{"name":"wp","href":"https:\/\/api.w.org\/{rel}","templated":true}]}}