{"id":3178,"date":"2025-04-14T16:02:17","date_gmt":"2025-04-14T14:02:17","guid":{"rendered":"https:\/\/montina.it\/prodotto\/facto-sofabed\/"},"modified":"2026-03-15T09:47:37","modified_gmt":"2026-03-15T08:47:37","slug":"facto-sofa-bed","status":"publish","type":"product","link":"https:\/\/montina.it\/en\/product\/facto-sofa-bed\/","title":{"rendered":"Facto Sofabed"},"content":{"rendered":"<p data-start=\"75\" data-end=\"519\">Il <strong data-start=\"78\" data-end=\"100\">divano letto Facto<\/strong> di <span class=\"hover:entity-accent entity-underline inline cursor-pointer align-baseline\"><span class=\"whitespace-normal\">Montina<\/span><\/span> \u00e8 un sistema d\u2019arredo funzionale dal linguaggio progettuale essenziale e contemporaneo, pensato per integrare in un\u2019unica soluzione la comodit\u00e0 di un divano e la praticit\u00e0 di un vero letto. Il progetto nasconde la sua doppia identit\u00e0 trasformabile, rivelandola con un semplice gesto che permette di ottenere un ampio e confortevole materasso.<\/p>\n<p data-start=\"521\" data-end=\"857\">Facto rappresenta una risposta elegante alle esigenze dell\u2019abitare moderno, mantenendo linee accoglienti e pulite che si adattano naturalmente sia ad ambienti domestici sia a contesti contract e hospitality. Il sistema trasformabile \u00e8 progettato per garantire facilit\u00e0 di utilizzo, comfort ergonomico e affidabilit\u00e0 meccanica nel tempo.<\/p>\n<p data-start=\"859\" data-end=\"963\">Il divano \u00e8 disponibile in pi\u00f9 configurazioni dimensionali per adattarsi a differenti esigenze spaziali:<\/p>\n<p data-start=\"967\" data-end=\"1017\"><strong data-start=\"967\" data-end=\"979\">2 posti:<\/strong> larghezza 168 cm (materasso 120 cm)<\/p>\n<p data-start=\"1020\" data-end=\"1070\"><strong data-start=\"1020\" data-end=\"1032\">3 posti:<\/strong> larghezza 188 cm (materasso 140 cm)<\/p>\n<p data-start=\"1073\" data-end=\"1123\"><strong data-start=\"1073\" data-end=\"1085\">4 posti:<\/strong> larghezza 208 cm (materasso 160 cm)<\/p>\n<p data-start=\"1126\" data-end=\"1153\">Profondit\u00e0 chiuso: 112 cm<\/p>\n<p data-start=\"1156\" data-end=\"1183\">Profondit\u00e0 aperto: 212 cm<\/p>\n<p data-start=\"1186\" data-end=\"1212\">Altezza schienale: 84 cm<\/p>\n<p data-start=\"1215\" data-end=\"1238\">Altezza seduta: 49 cm<\/p>","protected":false},"excerpt":{"rendered":"<p>Il divano letto Facto di Montina \u00e8 un sistema d\u2019arredo funzionale dal linguaggio progettuale essenziale e contemporaneo, pensato per integrare in un\u2019unica soluzione la comodit\u00e0 di un divano e la praticit\u00e0 di un vero letto. Il progetto nasconde la sua doppia identit\u00e0 trasformabile, rivelandola con un semplice gesto che permette di ottenere un ampio e [&hellip;]<\/p>","protected":false},"featured_media":3180,"template":"","meta":{"_acf_changed":false},"product_brand":[96],"product_cat":[137,125,139,63,140,133,129,132],"product_tag":[],"class_list":{"0":"post-3178","1":"product","2":"type-product","3":"status-publish","4":"has-post-thumbnail","6":"designer-studio-montina","7":"product_brand-montina","8":"product_cat-accoglienza","9":"product_cat-casa","10":"product_cat-co-working","11":"product_cat-divani-e-poltrone-letto","12":"product_cat-sanita","13":"product_cat-spazi-ufficio","14":"product_cat-spazio-di-lavoro","15":"product_cat-ufficio","17":"first","18":"instock","19":"shipping-taxable","20":"purchasable","21":"product-type-simple"},"acf":[],"yoast_head":"<!-- This site is optimized with the Yoast SEO plugin v24.7 - https:\/\/yoast.com\/wordpress\/plugins\/seo\/ -->\n<title>Divano Letto Facto - Montina<\/title>\n<meta name=\"robots\" content=\"index, follow, max-snippet:-1, max-image-preview:large, max-video-preview:-1\" \/>\n<link rel=\"canonical\" href=\"https:\/\/montina.it\/en\/product\/facto-sofa-bed\/?trp_user_switched=1\" \/>\n<meta property=\"og:locale\" content=\"en_GB\" \/>\n<meta property=\"og:type\" content=\"article\" \/>\n<meta property=\"og:title\" content=\"Divano Letto Facto - Montina\" \/>\n<meta property=\"og:description\" content=\"Il divano letto Facto di Montina \u00e8 un sistema d\u2019arredo funzionale dal linguaggio progettuale essenziale e contemporaneo, pensato per integrare in un\u2019unica soluzione la comodit\u00e0 di un divano e la praticit\u00e0 di un vero letto. Il progetto nasconde la sua doppia identit\u00e0 trasformabile, rivelandola con un semplice gesto che permette di ottenere un ampio e [&hellip;]\" \/>\n<meta property=\"og:url\" content=\"https:\/\/montina.it\/en\/product\/facto-sofa-bed\/?trp_user_switched=1\" \/>\n<meta property=\"og:site_name\" content=\"Montina\" \/>\n<meta property=\"article:publisher\" content=\"https:\/\/www.facebook.com\/Montina-623239277886558\/\" \/>\n<meta property=\"article:modified_time\" content=\"2026-03-15T08:47:37+00:00\" \/>\n<meta property=\"og:image\" content=\"https:\/\/montina.it\/wp-content\/uploads\/2025\/04\/facto-frontale-1.jpg\" \/>\n\t<meta property=\"og:image:width\" content=\"1914\" \/>\n\t<meta property=\"og:image:height\" content=\"1200\" \/>\n\t<meta property=\"og:image:type\" content=\"image\/jpeg\" \/>\n<meta name=\"twitter:card\" content=\"summary_large_image\" \/>\n<meta name=\"twitter:label1\" content=\"Estimated reading time\" \/>\n\t<meta name=\"twitter:data1\" content=\"2 minutes\" \/>\n<script type=\"application\/ld+json\" class=\"yoast-schema-graph\">{\"@context\":\"https:\/\/schema.org\",\"@graph\":[{\"@type\":\"WebPage\",\"@id\":\"https:\/\/montina.it\/en\/facto-sofa-bed\/\",\"url\":\"https:\/\/montina.it\/en\/facto-sofa-bed\/\",\"name\":\"Facto sofa bed | Montina\u00ae\",\"isPartOf\":{\"@id\":\"https:\/\/montina.it\/en\/#website\"},\"primaryImageOfPage\":{\"@id\":\"https:\/\/montina.it\/prodotto\/facto-sofa-bed\/#primaryimage\"},\"image\":{\"@id\":\"https:\/\/montina.it\/prodotto\/facto-sofa-bed\/#primaryimage\"},\"thumbnailUrl\":\"https:\/\/montina.it\/wp-content\/uploads\/2025\/04\/facto-frontale-1.jpg\",\"datePublished\":\"2025-04-14T14:02:17+00:00\",\"dateModified\":\"2026-03-15T08:47:37+00:00\",\"breadcrumb\":{\"@id\":\"https:\/\/montina.it\/prodotto\/facto-sofa-bed\/#breadcrumb\"},\"inLanguage\":\"en-GB\",\"potentialAction\":[{\"@type\":\"ReadAction\",\"target\":[\"https:\/\/montina.it\/en\/facto-sofa-bed\/\"]}],\"description\":\"Facto by Montina is a transformable sofa bed with comfortable mattress and minimalist design. 100% Made in Italy.\"},{\"@type\":\"ImageObject\",\"inLanguage\":\"en-GB\",\"@id\":\"https:\/\/montina.it\/prodotto\/facto-sofa-bed\/#primaryimage\",\"url\":\"https:\/\/montina.it\/wp-content\/uploads\/2025\/04\/facto-frontale-1.jpg\",\"contentUrl\":\"https:\/\/montina.it\/wp-content\/uploads\/2025\/04\/facto-frontale-1.jpg\",\"width\":1914,\"height\":1200},{\"@type\":\"BreadcrumbList\",\"@id\":\"https:\/\/montina.it\/prodotto\/facto-sofa-bed\/#breadcrumb\",\"itemListElement\":[{\"@type\":\"ListItem\",\"position\":1,\"name\":\"Home\",\"item\":\"https:\/\/montina.it\/\"},{\"@type\":\"ListItem\",\"position\":2,\"name\":\"Prodotti\",\"item\":\"https:\/\/montina.it\/prodotti\/\"},{\"@type\":\"ListItem\",\"position\":3,\"name\":\"Divano Letto Facto\"}]},{\"@type\":\"WebSite\",\"@id\":\"https:\/\/montina.it\/en\/#website\",\"url\":\"https:\/\/montina.it\/en\/\",\"name\":\"Montina\",\"description\":\"\",\"publisher\":{\"@id\":\"https:\/\/montina.it\/en\/#organization\"},\"potentialAction\":[{\"@type\":\"SearchAction\",\"target\":{\"@type\":\"EntryPoint\",\"urlTemplate\":\"https:\/\/montina.it\/en\/?s={search_term_string}\"},\"query-input\":{\"@type\":\"PropertyValueSpecification\",\"valueRequired\":true,\"valueName\":\"search_term_string\"}}],\"inLanguage\":\"en-GB\"},{\"@type\":\"Organization\",\"@id\":\"https:\/\/montina.it\/en\/#organization\",\"name\":\"Montina\",\"url\":\"https:\/\/montina.it\/en\/\",\"logo\":{\"@type\":\"ImageObject\",\"inLanguage\":\"en-GB\",\"@id\":\"https:\/\/montina.it\/en\/#\/schema\/logo\/image\/\",\"url\":\"https:\/\/montina.it\/wp-content\/uploads\/2025\/03\/MN_.svg\",\"contentUrl\":\"https:\/\/montina.it\/wp-content\/uploads\/2025\/03\/MN_.svg\",\"width\":987,\"height\":253,\"caption\":\"Montina\"},\"image\":{\"@id\":\"https:\/\/montina.it\/en\/#\/schema\/logo\/image\/\"},\"sameAs\":[\"https:\/\/www.facebook.com\/Montina-623239277886558\/\"]}]}<\/script>\n<!-- \/ Yoast SEO plugin. -->","yoast_head_json":{"title":"Divano Letto Facto - Montina","robots":{"index":"index","follow":"follow","max-snippet":"max-snippet:-1","max-image-preview":"max-image-preview:large","max-video-preview":"max-video-preview:-1"},"canonical":"https:\/\/montina.it\/en\/product\/facto-sofa-bed\/?trp_user_switched=1","og_locale":"en_GB","og_type":"article","og_title":"Divano Letto Facto - Montina","og_description":"Il divano letto Facto di Montina \u00e8 un sistema d\u2019arredo funzionale dal linguaggio progettuale essenziale e contemporaneo, pensato per integrare in un\u2019unica soluzione la comodit\u00e0 di un divano e la praticit\u00e0 di un vero letto. Il progetto nasconde la sua doppia identit\u00e0 trasformabile, rivelandola con un semplice gesto che permette di ottenere un ampio e [&hellip;]","og_url":"https:\/\/montina.it\/en\/product\/facto-sofa-bed\/?trp_user_switched=1","og_site_name":"Montina","article_publisher":"https:\/\/www.facebook.com\/Montina-623239277886558\/","article_modified_time":"2026-03-15T08:47:37+00:00","og_image":[{"width":1914,"height":1200,"url":"https:\/\/montina.it\/wp-content\/uploads\/2025\/04\/facto-frontale-1.jpg","type":"image\/jpeg"}],"twitter_card":"summary_large_image","twitter_misc":{"Estimated reading time":"2 minutes"},"schema":{"@context":"https:\/\/schema.org","@graph":[{"@type":"WebPage","@id":"https:\/\/montina.it\/en\/facto-sofa-bed\/","url":"https:\/\/montina.it\/en\/facto-sofa-bed\/","name":"Facto sofa bed | Montina\u00ae","isPartOf":{"@id":"https:\/\/montina.it\/en\/#website"},"primaryImageOfPage":{"@id":"https:\/\/montina.it\/prodotto\/facto-sofa-bed\/#primaryimage"},"image":{"@id":"https:\/\/montina.it\/prodotto\/facto-sofa-bed\/#primaryimage"},"thumbnailUrl":"https:\/\/montina.it\/wp-content\/uploads\/2025\/04\/facto-frontale-1.jpg","datePublished":"2025-04-14T14:02:17+00:00","dateModified":"2026-03-15T08:47:37+00:00","breadcrumb":{"@id":"https:\/\/montina.it\/prodotto\/facto-sofa-bed\/#breadcrumb"},"inLanguage":"en-GB","potentialAction":[{"@type":"ReadAction","target":["https:\/\/montina.it\/en\/facto-sofa-bed\/"]}],"description":"Facto by Montina is a transformable sofa bed with comfortable mattress and minimalist design. 100% Made in Italy."},{"@type":"ImageObject","inLanguage":"en-GB","@id":"https:\/\/montina.it\/prodotto\/facto-sofa-bed\/#primaryimage","url":"https:\/\/montina.it\/wp-content\/uploads\/2025\/04\/facto-frontale-1.jpg","contentUrl":"https:\/\/montina.it\/wp-content\/uploads\/2025\/04\/facto-frontale-1.jpg","width":1914,"height":1200},{"@type":"BreadcrumbList","@id":"https:\/\/montina.it\/prodotto\/facto-sofa-bed\/#breadcrumb","itemListElement":[{"@type":"ListItem","position":1,"name":"Home","item":"https:\/\/montina.it\/"},{"@type":"ListItem","position":2,"name":"Prodotti","item":"https:\/\/montina.it\/prodotti\/"},{"@type":"ListItem","position":3,"name":"Divano Letto Facto"}]},{"@type":"WebSite","@id":"https:\/\/montina.it\/en\/#website","url":"https:\/\/montina.it\/en\/","name":"Montina","description":"","publisher":{"@id":"https:\/\/montina.it\/en\/#organization"},"potentialAction":[{"@type":"SearchAction","target":{"@type":"EntryPoint","urlTemplate":"https:\/\/montina.it\/en\/?s={search_term_string}"},"query-input":{"@type":"PropertyValueSpecification","valueRequired":true,"valueName":"search_term_string"}}],"inLanguage":"en-GB"},{"@type":"Organization","@id":"https:\/\/montina.it\/en\/#organization","name":"Montina","url":"https:\/\/montina.it\/en\/","logo":{"@type":"ImageObject","inLanguage":"en-GB","@id":"https:\/\/montina.it\/en\/#\/schema\/logo\/image\/","url":"https:\/\/montina.it\/wp-content\/uploads\/2025\/03\/MN_.svg","contentUrl":"https:\/\/montina.it\/wp-content\/uploads\/2025\/03\/MN_.svg","width":987,"height":253,"caption":"Montina"},"image":{"@id":"https:\/\/montina.it\/en\/#\/schema\/logo\/image\/"},"sameAs":["https:\/\/www.facebook.com\/Montina-623239277886558\/"]}]}},"_links":{"self":[{"href":"https:\/\/montina.it\/en\/wp-json\/wp\/v2\/product\/3178","targetHints":{"allow":["GET"]}}],"collection":[{"href":"https:\/\/montina.it\/en\/wp-json\/wp\/v2\/product"}],"about":[{"href":"https:\/\/montina.it\/en\/wp-json\/wp\/v2\/types\/product"}],"version-history":[{"count":8,"href":"https:\/\/montina.it\/en\/wp-json\/wp\/v2\/product\/3178\/revisions"}],"predecessor-version":[{"id":4699,"href":"https:\/\/montina.it\/en\/wp-json\/wp\/v2\/product\/3178\/revisions\/4699"}],"wp:featuredmedia":[{"embeddable":true,"href":"https:\/\/montina.it\/en\/wp-json\/wp\/v2\/media\/3180"}],"wp:attachment":[{"href":"https:\/\/montina.it\/en\/wp-json\/wp\/v2\/media?parent=3178"}],"wp:term":[{"taxonomy":"product_brand","embeddable":true,"href":"https:\/\/montina.it\/en\/wp-json\/wp\/v2\/product_brand?post=3178"},{"taxonomy":"product_cat","embeddable":true,"href":"https:\/\/montina.it\/en\/wp-json\/wp\/v2\/product_cat?post=3178"},{"taxonomy":"product_tag","embeddable":true,"href":"https:\/\/montina.it\/en\/wp-json\/wp\/v2\/product_tag?post=3178"}],"curies":[{"name":"wp","href":"https:\/\/api.w.org\/{rel}","templated":true}]}}