{"id":3188,"date":"2025-04-14T16:02:25","date_gmt":"2025-04-14T14:02:25","guid":{"rendered":"https:\/\/montina.it\/prodotto\/facto-armchair-bed\/"},"modified":"2026-03-15T09:47:08","modified_gmt":"2026-03-15T08:47:08","slug":"facto-sofa-bed-1","status":"publish","type":"product","link":"https:\/\/montina.it\/en\/product\/facto-sofa-bed-1\/","title":{"rendered":"Facto Armchair Bed"},"content":{"rendered":"<p data-start=\"75\" data-end=\"530\">Il <strong data-start=\"78\" data-end=\"100\">divano letto Facto<\/strong> di <span class=\"hover:entity-accent entity-underline inline cursor-pointer align-baseline\"><span class=\"whitespace-normal\">Montina<\/span><\/span> \u00e8 un elemento d\u2019arredo dal carattere pratico e contemporaneo, progettato per integrare in un\u2019unica soluzione la funzionalit\u00e0 di un divano e la comodit\u00e0 di un vero letto. Il progetto si distingue per le forme accoglienti ed essenziali che celano la sua doppia identit\u00e0, trasformandosi con un semplice gesto per rivelare un ampio e confortevole materasso.<\/p>\n<p data-start=\"532\" data-end=\"900\">Facto interpreta il concetto di arredo trasformabile attraverso un sistema funzionale intuitivo e di facile utilizzo, mantenendo un\u2019estetica pulita e moderna adatta a differenti contesti abitativi o contract. La seduta, quando chiusa, offre un comfort ergonomico da divano, mentre la configurazione aperta permette di ottenere una superficie letto ampia e accogliente.<\/p>\n<p data-start=\"1378\" data-end=\"1543\">Interamente progettato e prodotto in Italia, Facto rappresenta l\u2019equilibrio tra design funzionale, ricerca ergonomica e qualit\u00e0 costruttiva tipica del Made in Italy.<\/p>\n<p data-start=\"1545\" data-end=\"1576\"><strong data-start=\"1545\" data-end=\"1574\">Caratteristiche tecniche:<\/strong><\/p>\n<p data-start=\"1579\" data-end=\"1618\">Struttura: divano letto trasformabile<\/p>\n<p data-start=\"1794\" data-end=\"1817\">Dimensioni da chiuso:<\/p>\n<p data-start=\"1822\" data-end=\"1841\">Larghezza: 118 cm<\/p>\n<p data-start=\"1846\" data-end=\"1866\">Profondit\u00e0: 112 cm<\/p>\n<p data-start=\"1869\" data-end=\"1892\">Dimensioni da aperto:<\/p>\n<p data-start=\"1897\" data-end=\"1917\">Profondit\u00e0: 212 cm<\/p>\n<p data-start=\"1920\" data-end=\"1946\">Altezza schienale: 84 cm<\/p>\n<p data-start=\"1949\" data-end=\"1972\">Altezza seduta: 49 cm<\/p>\n<p data-start=\"1975\" data-end=\"2003\">Larghezza materasso: 70 cm<\/p>","protected":false},"excerpt":{"rendered":"<p>Il divano letto Facto di Montina \u00e8 un elemento d\u2019arredo dal carattere pratico e contemporaneo, progettato per integrare in un\u2019unica soluzione la funzionalit\u00e0 di un divano e la comodit\u00e0 di un vero letto. Il progetto si distingue per le forme accoglienti ed essenziali che celano la sua doppia identit\u00e0, trasformandosi con un semplice gesto per [&hellip;]<\/p>","protected":false},"featured_media":3190,"template":"","meta":{"_acf_changed":false},"product_brand":[96],"product_cat":[137,125,139,63,140,133,129,132],"product_tag":[],"class_list":{"0":"post-3188","1":"product","2":"type-product","3":"status-publish","4":"has-post-thumbnail","6":"designer-studio-montina","7":"product_brand-montina","8":"product_cat-accoglienza","9":"product_cat-casa","10":"product_cat-co-working","11":"product_cat-divani-e-poltrone-letto","12":"product_cat-sanita","13":"product_cat-spazi-ufficio","14":"product_cat-spazio-di-lavoro","15":"product_cat-ufficio","17":"first","18":"instock","19":"shipping-taxable","20":"purchasable","21":"product-type-simple"},"acf":[],"yoast_head":"<!-- This site is optimized with the Yoast SEO plugin v24.7 - https:\/\/yoast.com\/wordpress\/plugins\/seo\/ -->\n<title>Poltrona Letto Facto - Montina<\/title>\n<meta name=\"robots\" content=\"index, follow, max-snippet:-1, max-image-preview:large, max-video-preview:-1\" \/>\n<link rel=\"canonical\" href=\"https:\/\/montina.it\/en\/product\/facto-sofa-bed-1\/?trp_user_switched=1\" \/>\n<meta property=\"og:locale\" content=\"en_GB\" \/>\n<meta property=\"og:type\" content=\"article\" \/>\n<meta property=\"og:title\" content=\"Poltrona Letto Facto - Montina\" \/>\n<meta property=\"og:description\" content=\"Il divano letto Facto di Montina \u00e8 un elemento d\u2019arredo dal carattere pratico e contemporaneo, progettato per integrare in un\u2019unica soluzione la funzionalit\u00e0 di un divano e la comodit\u00e0 di un vero letto. Il progetto si distingue per le forme accoglienti ed essenziali che celano la sua doppia identit\u00e0, trasformandosi con un semplice gesto per [&hellip;]\" \/>\n<meta property=\"og:url\" content=\"https:\/\/montina.it\/en\/product\/facto-sofa-bed-1\/?trp_user_switched=1\" \/>\n<meta property=\"og:site_name\" content=\"Montina\" \/>\n<meta property=\"article:publisher\" content=\"https:\/\/www.facebook.com\/Montina-623239277886558\/\" \/>\n<meta property=\"article:modified_time\" content=\"2026-03-15T08:47:08+00:00\" \/>\n<meta property=\"og:image\" content=\"https:\/\/montina.it\/wp-content\/uploads\/2025\/04\/facto_1-1.png\" \/>\n\t<meta property=\"og:image:width\" content=\"1200\" \/>\n\t<meta property=\"og:image:height\" content=\"1200\" \/>\n\t<meta property=\"og:image:type\" content=\"image\/png\" \/>\n<meta name=\"twitter:card\" content=\"summary_large_image\" \/>\n<meta name=\"twitter:label1\" content=\"Estimated reading time\" \/>\n\t<meta name=\"twitter:data1\" content=\"2 minutes\" \/>\n<script type=\"application\/ld+json\" class=\"yoast-schema-graph\">{\"@context\":\"https:\/\/schema.org\",\"@graph\":[{\"@type\":\"WebPage\",\"@id\":\"https:\/\/montina.it\/en\/facto-sofa-bed-1\/\",\"url\":\"https:\/\/montina.it\/en\/facto-sofa-bed-1\/\",\"name\":\"Facto Armchair | Montina\u00ae\",\"isPartOf\":{\"@id\":\"https:\/\/montina.it\/en\/#website\"},\"primaryImageOfPage\":{\"@id\":\"https:\/\/montina.it\/prodotto\/facto-sofa-bed-1\/#primaryimage\"},\"image\":{\"@id\":\"https:\/\/montina.it\/prodotto\/facto-sofa-bed-1\/#primaryimage\"},\"thumbnailUrl\":\"https:\/\/montina.it\/wp-content\/uploads\/2025\/04\/facto_1-1.png\",\"datePublished\":\"2025-04-14T14:02:25+00:00\",\"dateModified\":\"2026-03-15T08:47:08+00:00\",\"breadcrumb\":{\"@id\":\"https:\/\/montina.it\/prodotto\/facto-sofa-bed-1\/#breadcrumb\"},\"inLanguage\":\"en-GB\",\"potentialAction\":[{\"@type\":\"ReadAction\",\"target\":[\"https:\/\/montina.it\/en\/facto-sofa-bed-1\/\"]}],\"description\":\"Facto by Montina is a transformable sofa bed with comfortable mattress and minimalist design. 100% Made in Italy.\"},{\"@type\":\"ImageObject\",\"inLanguage\":\"en-GB\",\"@id\":\"https:\/\/montina.it\/prodotto\/facto-sofa-bed-1\/#primaryimage\",\"url\":\"https:\/\/montina.it\/wp-content\/uploads\/2025\/04\/facto_1-1.png\",\"contentUrl\":\"https:\/\/montina.it\/wp-content\/uploads\/2025\/04\/facto_1-1.png\",\"width\":1200,\"height\":1200},{\"@type\":\"BreadcrumbList\",\"@id\":\"https:\/\/montina.it\/prodotto\/facto-sofa-bed-1\/#breadcrumb\",\"itemListElement\":[{\"@type\":\"ListItem\",\"position\":1,\"name\":\"Home\",\"item\":\"https:\/\/montina.it\/\"},{\"@type\":\"ListItem\",\"position\":2,\"name\":\"Prodotti\",\"item\":\"https:\/\/montina.it\/prodotti\/\"},{\"@type\":\"ListItem\",\"position\":3,\"name\":\"Poltrona Letto Facto\"}]},{\"@type\":\"WebSite\",\"@id\":\"https:\/\/montina.it\/en\/#website\",\"url\":\"https:\/\/montina.it\/en\/\",\"name\":\"Montina\",\"description\":\"\",\"publisher\":{\"@id\":\"https:\/\/montina.it\/en\/#organization\"},\"potentialAction\":[{\"@type\":\"SearchAction\",\"target\":{\"@type\":\"EntryPoint\",\"urlTemplate\":\"https:\/\/montina.it\/en\/?s={search_term_string}\"},\"query-input\":{\"@type\":\"PropertyValueSpecification\",\"valueRequired\":true,\"valueName\":\"search_term_string\"}}],\"inLanguage\":\"en-GB\"},{\"@type\":\"Organization\",\"@id\":\"https:\/\/montina.it\/en\/#organization\",\"name\":\"Montina\",\"url\":\"https:\/\/montina.it\/en\/\",\"logo\":{\"@type\":\"ImageObject\",\"inLanguage\":\"en-GB\",\"@id\":\"https:\/\/montina.it\/en\/#\/schema\/logo\/image\/\",\"url\":\"https:\/\/montina.it\/wp-content\/uploads\/2025\/03\/MN_.svg\",\"contentUrl\":\"https:\/\/montina.it\/wp-content\/uploads\/2025\/03\/MN_.svg\",\"width\":987,\"height\":253,\"caption\":\"Montina\"},\"image\":{\"@id\":\"https:\/\/montina.it\/en\/#\/schema\/logo\/image\/\"},\"sameAs\":[\"https:\/\/www.facebook.com\/Montina-623239277886558\/\"]}]}<\/script>\n<!-- \/ Yoast SEO plugin. -->","yoast_head_json":{"title":"Poltrona Letto Facto - Montina","robots":{"index":"index","follow":"follow","max-snippet":"max-snippet:-1","max-image-preview":"max-image-preview:large","max-video-preview":"max-video-preview:-1"},"canonical":"https:\/\/montina.it\/en\/product\/facto-sofa-bed-1\/?trp_user_switched=1","og_locale":"en_GB","og_type":"article","og_title":"Poltrona Letto Facto - Montina","og_description":"Il divano letto Facto di Montina \u00e8 un elemento d\u2019arredo dal carattere pratico e contemporaneo, progettato per integrare in un\u2019unica soluzione la funzionalit\u00e0 di un divano e la comodit\u00e0 di un vero letto. Il progetto si distingue per le forme accoglienti ed essenziali che celano la sua doppia identit\u00e0, trasformandosi con un semplice gesto per [&hellip;]","og_url":"https:\/\/montina.it\/en\/product\/facto-sofa-bed-1\/?trp_user_switched=1","og_site_name":"Montina","article_publisher":"https:\/\/www.facebook.com\/Montina-623239277886558\/","article_modified_time":"2026-03-15T08:47:08+00:00","og_image":[{"width":1200,"height":1200,"url":"https:\/\/montina.it\/wp-content\/uploads\/2025\/04\/facto_1-1.png","type":"image\/png"}],"twitter_card":"summary_large_image","twitter_misc":{"Estimated reading time":"2 minutes"},"schema":{"@context":"https:\/\/schema.org","@graph":[{"@type":"WebPage","@id":"https:\/\/montina.it\/en\/facto-sofa-bed-1\/","url":"https:\/\/montina.it\/en\/facto-sofa-bed-1\/","name":"Facto Armchair | Montina\u00ae","isPartOf":{"@id":"https:\/\/montina.it\/en\/#website"},"primaryImageOfPage":{"@id":"https:\/\/montina.it\/prodotto\/facto-sofa-bed-1\/#primaryimage"},"image":{"@id":"https:\/\/montina.it\/prodotto\/facto-sofa-bed-1\/#primaryimage"},"thumbnailUrl":"https:\/\/montina.it\/wp-content\/uploads\/2025\/04\/facto_1-1.png","datePublished":"2025-04-14T14:02:25+00:00","dateModified":"2026-03-15T08:47:08+00:00","breadcrumb":{"@id":"https:\/\/montina.it\/prodotto\/facto-sofa-bed-1\/#breadcrumb"},"inLanguage":"en-GB","potentialAction":[{"@type":"ReadAction","target":["https:\/\/montina.it\/en\/facto-sofa-bed-1\/"]}],"description":"Facto by Montina is a transformable sofa bed with comfortable mattress and minimalist design. 100% Made in Italy."},{"@type":"ImageObject","inLanguage":"en-GB","@id":"https:\/\/montina.it\/prodotto\/facto-sofa-bed-1\/#primaryimage","url":"https:\/\/montina.it\/wp-content\/uploads\/2025\/04\/facto_1-1.png","contentUrl":"https:\/\/montina.it\/wp-content\/uploads\/2025\/04\/facto_1-1.png","width":1200,"height":1200},{"@type":"BreadcrumbList","@id":"https:\/\/montina.it\/prodotto\/facto-sofa-bed-1\/#breadcrumb","itemListElement":[{"@type":"ListItem","position":1,"name":"Home","item":"https:\/\/montina.it\/"},{"@type":"ListItem","position":2,"name":"Prodotti","item":"https:\/\/montina.it\/prodotti\/"},{"@type":"ListItem","position":3,"name":"Poltrona Letto Facto"}]},{"@type":"WebSite","@id":"https:\/\/montina.it\/en\/#website","url":"https:\/\/montina.it\/en\/","name":"Montina","description":"","publisher":{"@id":"https:\/\/montina.it\/en\/#organization"},"potentialAction":[{"@type":"SearchAction","target":{"@type":"EntryPoint","urlTemplate":"https:\/\/montina.it\/en\/?s={search_term_string}"},"query-input":{"@type":"PropertyValueSpecification","valueRequired":true,"valueName":"search_term_string"}}],"inLanguage":"en-GB"},{"@type":"Organization","@id":"https:\/\/montina.it\/en\/#organization","name":"Montina","url":"https:\/\/montina.it\/en\/","logo":{"@type":"ImageObject","inLanguage":"en-GB","@id":"https:\/\/montina.it\/en\/#\/schema\/logo\/image\/","url":"https:\/\/montina.it\/wp-content\/uploads\/2025\/03\/MN_.svg","contentUrl":"https:\/\/montina.it\/wp-content\/uploads\/2025\/03\/MN_.svg","width":987,"height":253,"caption":"Montina"},"image":{"@id":"https:\/\/montina.it\/en\/#\/schema\/logo\/image\/"},"sameAs":["https:\/\/www.facebook.com\/Montina-623239277886558\/"]}]}},"_links":{"self":[{"href":"https:\/\/montina.it\/en\/wp-json\/wp\/v2\/product\/3188","targetHints":{"allow":["GET"]}}],"collection":[{"href":"https:\/\/montina.it\/en\/wp-json\/wp\/v2\/product"}],"about":[{"href":"https:\/\/montina.it\/en\/wp-json\/wp\/v2\/types\/product"}],"version-history":[{"count":9,"href":"https:\/\/montina.it\/en\/wp-json\/wp\/v2\/product\/3188\/revisions"}],"predecessor-version":[{"id":4698,"href":"https:\/\/montina.it\/en\/wp-json\/wp\/v2\/product\/3188\/revisions\/4698"}],"wp:featuredmedia":[{"embeddable":true,"href":"https:\/\/montina.it\/en\/wp-json\/wp\/v2\/media\/3190"}],"wp:attachment":[{"href":"https:\/\/montina.it\/en\/wp-json\/wp\/v2\/media?parent=3188"}],"wp:term":[{"taxonomy":"product_brand","embeddable":true,"href":"https:\/\/montina.it\/en\/wp-json\/wp\/v2\/product_brand?post=3188"},{"taxonomy":"product_cat","embeddable":true,"href":"https:\/\/montina.it\/en\/wp-json\/wp\/v2\/product_cat?post=3188"},{"taxonomy":"product_tag","embeddable":true,"href":"https:\/\/montina.it\/en\/wp-json\/wp\/v2\/product_tag?post=3188"}],"curies":[{"name":"wp","href":"https:\/\/api.w.org\/{rel}","templated":true}]}}