{"id":3223,"date":"2025-04-14T16:02:54","date_gmt":"2025-04-14T14:02:54","guid":{"rendered":"https:\/\/montina.it\/prodotto\/1005-regista-chair\/"},"modified":"2026-03-16T17:35:38","modified_gmt":"2026-03-16T16:35:38","slug":"1005-chair","status":"publish","type":"product","link":"https:\/\/montina.it\/en\/product\/1005-chair\/","title":{"rendered":"1005 Regista Chair"},"content":{"rendered":"<p data-start=\"75\" data-end=\"482\">La <strong data-start=\"78\" data-end=\"125\">riedizione della sedia da regista art. 1005<\/strong> di <span class=\"hover:entity-accent entity-underline inline cursor-pointer align-baseline\"><span class=\"whitespace-normal\">Montina<\/span><\/span>, disegnata da <span class=\"hover:entity-accent entity-underline inline cursor-pointer align-baseline\"><span class=\"whitespace-normal\">Mario Zujan<\/span><\/span>, rappresenta un perfetto equilibrio tra tradizione progettuale e funzionalit\u00e0 contemporanea. Ispirata al modello classico della sedia da regista, questa versione \u00e8 stata reinterpretata per garantire maggiore resistenza agli agenti atmosferici e versatilit\u00e0 d\u2019uso.<\/p>\n<p data-start=\"484\" data-end=\"985\">Seduta e schienale sono realizzati in tessuto acrilico, materiale scelto per la sua resistenza all\u2019usura, la stabilit\u00e0 cromatica e la capacit\u00e0 di mantenere le prestazioni anche in ambienti esterni. La struttura pieghevole \u00e8 in massello di frassino trattato specificamente per l\u2019uso outdoor, valorizzando la naturale robustezza del legno e la durabilit\u00e0 del prodotto. La ferramenta \u00e8 realizzata in acciaio inox, soluzione che garantisce protezione dalla corrosione e affidabilit\u00e0 strutturale nel tempo.<\/p>\n<p data-start=\"987\" data-end=\"1224\">La sedia da regista art. 1005 \u00e8 progettata per essere pratica e funzionale grazie al sistema pieghevole, caratteristica che la rende particolarmente adatta ad ambienti esterni protetti, terrazze, hospitality e spazi living contemporanei.<\/p>\n<p data-start=\"1226\" data-end=\"1430\">Interamente progettata e prodotta in Italia, questa riedizione celebra la tradizione del design classico reinterpretandolo in chiave moderna attraverso materiali tecnici di qualit\u00e0 e lavorazioni accurate.<\/p>\n<p data-start=\"1432\" data-end=\"1463\"><strong data-start=\"1432\" data-end=\"1461\">Caratteristiche tecniche:<\/strong><\/p>\n<ul data-start=\"1464\" data-end=\"1856\">\n<li data-start=\"1552\" data-end=\"1608\">\n<p data-start=\"1554\" data-end=\"1608\">Seduta e schienale: tessuto acrilico per uso esterno<\/p>\n<\/li>\n<li data-start=\"1609\" data-end=\"1661\">\n<p data-start=\"1611\" data-end=\"1661\">Struttura: massello di frassino trattato outdoor<\/p>\n<\/li>\n<li data-start=\"1662\" data-end=\"1690\">\n<p data-start=\"1664\" data-end=\"1690\">Ferramenta: acciaio inox<\/p>\n<\/li>\n<li data-start=\"1691\" data-end=\"1733\">\n<p data-start=\"1693\" data-end=\"1733\">Tipologia: sedia da regista pieghevole<\/p>\n<\/li>\n<li data-start=\"1734\" data-end=\"1752\">\n<p data-start=\"1736\" data-end=\"1752\">Altezza: 87 cm<\/p>\n<\/li>\n<li data-start=\"1753\" data-end=\"1778\">\n<p data-start=\"1755\" data-end=\"1778\">Altezza seduta: 44 cm<\/p>\n<\/li>\n<li data-start=\"1779\" data-end=\"1799\">\n<p data-start=\"1781\" data-end=\"1799\">Larghezza: 49 cm<\/p>\n<\/li>\n<li data-start=\"1800\" data-end=\"1821\">\n<p data-start=\"1802\" data-end=\"1821\">Profondit\u00e0: 52 cm<\/p>\n<\/li>\n<\/ul>","protected":false},"excerpt":{"rendered":"<p>La riedizione della sedia da regista art. 1005 di Montina, disegnata da Mario Zujan, rappresenta un perfetto equilibrio tra tradizione progettuale e funzionalit\u00e0 contemporanea. Ispirata al modello classico della sedia da regista, questa versione \u00e8 stata reinterpretata per garantire maggiore resistenza agli agenti atmosferici e versatilit\u00e0 d\u2019uso. Seduta e schienale sono realizzati in tessuto acrilico, [&hellip;]<\/p>","protected":false},"featured_media":3224,"template":"","meta":{"_acf_changed":false},"product_brand":[96],"product_cat":[130,125,139,128,64,135,134,56,136,129],"product_tag":[],"class_list":{"0":"post-3223","1":"product","2":"type-product","3":"status-publish","4":"has-post-thumbnail","6":"designer-mario-zujan","7":"product_brand-montina","8":"product_cat-bar-e-ristoranti","9":"product_cat-casa","10":"product_cat-co-working","11":"product_cat-esterni","12":"product_cat-heritage","13":"product_cat-sale-dattesa","14":"product_cat-sale-riunioni","15":"product_cat-sedie","16":"product_cat-spazi-pubblici","17":"product_cat-spazio-di-lavoro","19":"first","20":"instock","21":"shipping-taxable","22":"purchasable","23":"product-type-simple"},"acf":[],"yoast_head":"<!-- This site is optimized with the Yoast SEO plugin v24.7 - https:\/\/yoast.com\/wordpress\/plugins\/seo\/ -->\n<title>Sedia 1005 Regista Chair - Montina<\/title>\n<meta name=\"robots\" content=\"index, follow, max-snippet:-1, max-image-preview:large, max-video-preview:-1\" \/>\n<link rel=\"canonical\" href=\"https:\/\/montina.it\/en\/product\/1005-chair\/?trp_user_switched=1\" \/>\n<meta property=\"og:locale\" content=\"en_GB\" \/>\n<meta property=\"og:type\" content=\"article\" \/>\n<meta property=\"og:title\" content=\"Sedia 1005 Regista Chair - Montina\" \/>\n<meta property=\"og:description\" content=\"La riedizione della sedia da regista art. 1005 di Montina, disegnata da Mario Zujan, rappresenta un perfetto equilibrio tra tradizione progettuale e funzionalit\u00e0 contemporanea. Ispirata al modello classico della sedia da regista, questa versione \u00e8 stata reinterpretata per garantire maggiore resistenza agli agenti atmosferici e versatilit\u00e0 d\u2019uso. Seduta e schienale sono realizzati in tessuto acrilico, [&hellip;]\" \/>\n<meta property=\"og:url\" content=\"https:\/\/montina.it\/en\/product\/1005-chair\/?trp_user_switched=1\" \/>\n<meta property=\"og:site_name\" content=\"Montina\" \/>\n<meta property=\"article:publisher\" content=\"https:\/\/www.facebook.com\/Montina-623239277886558\/\" \/>\n<meta property=\"article:modified_time\" content=\"2026-03-16T16:35:38+00:00\" \/>\n<meta property=\"og:image\" content=\"https:\/\/montina.it\/wp-content\/uploads\/2025\/04\/montina_0.jpg\" \/>\n\t<meta property=\"og:image:width\" content=\"1500\" \/>\n\t<meta property=\"og:image:height\" content=\"1200\" \/>\n\t<meta property=\"og:image:type\" content=\"image\/jpeg\" \/>\n<meta name=\"twitter:card\" content=\"summary_large_image\" \/>\n<meta name=\"twitter:label1\" content=\"Estimated reading time\" \/>\n\t<meta name=\"twitter:data1\" content=\"2 minutes\" \/>\n<script type=\"application\/ld+json\" class=\"yoast-schema-graph\">{\"@context\":\"https:\/\/schema.org\",\"@graph\":[{\"@type\":\"WebPage\",\"@id\":\"https:\/\/montina.it\/en\/1005-chair\/\",\"url\":\"https:\/\/montina.it\/en\/1005-chair\/\",\"name\":\"1005 Chair | Montina\u00ae\",\"isPartOf\":{\"@id\":\"https:\/\/montina.it\/en\/#website\"},\"primaryImageOfPage\":{\"@id\":\"https:\/\/montina.it\/prodotto\/1005-chair\/#primaryimage\"},\"image\":{\"@id\":\"https:\/\/montina.it\/prodotto\/1005-chair\/#primaryimage\"},\"thumbnailUrl\":\"https:\/\/montina.it\/wp-content\/uploads\/2025\/04\/montina_0.jpg\",\"datePublished\":\"2025-04-14T14:02:54+00:00\",\"dateModified\":\"2026-03-16T16:35:38+00:00\",\"breadcrumb\":{\"@id\":\"https:\/\/montina.it\/prodotto\/1005-chair\/#breadcrumb\"},\"inLanguage\":\"en-GB\",\"potentialAction\":[{\"@type\":\"ReadAction\",\"target\":[\"https:\/\/montina.it\/en\/1005-chair\/\"]}],\"description\":\"Montina director chair art. 1005 designed by Mario Zujan. Folding outdoor ash wood frame and acrylic fabric. 100% Made in Italy.\"},{\"@type\":\"ImageObject\",\"inLanguage\":\"en-GB\",\"@id\":\"https:\/\/montina.it\/prodotto\/1005-chair\/#primaryimage\",\"url\":\"https:\/\/montina.it\/wp-content\/uploads\/2025\/04\/montina_0.jpg\",\"contentUrl\":\"https:\/\/montina.it\/wp-content\/uploads\/2025\/04\/montina_0.jpg\",\"width\":1500,\"height\":1200},{\"@type\":\"BreadcrumbList\",\"@id\":\"https:\/\/montina.it\/prodotto\/1005-chair\/#breadcrumb\",\"itemListElement\":[{\"@type\":\"ListItem\",\"position\":1,\"name\":\"Home\",\"item\":\"https:\/\/montina.it\/\"},{\"@type\":\"ListItem\",\"position\":2,\"name\":\"Prodotti\",\"item\":\"https:\/\/montina.it\/prodotti\/\"},{\"@type\":\"ListItem\",\"position\":3,\"name\":\"Sedia 1005 Regista Chair\"}]},{\"@type\":\"WebSite\",\"@id\":\"https:\/\/montina.it\/en\/#website\",\"url\":\"https:\/\/montina.it\/en\/\",\"name\":\"Montina\",\"description\":\"\",\"publisher\":{\"@id\":\"https:\/\/montina.it\/en\/#organization\"},\"potentialAction\":[{\"@type\":\"SearchAction\",\"target\":{\"@type\":\"EntryPoint\",\"urlTemplate\":\"https:\/\/montina.it\/en\/?s={search_term_string}\"},\"query-input\":{\"@type\":\"PropertyValueSpecification\",\"valueRequired\":true,\"valueName\":\"search_term_string\"}}],\"inLanguage\":\"en-GB\"},{\"@type\":\"Organization\",\"@id\":\"https:\/\/montina.it\/en\/#organization\",\"name\":\"Montina\",\"url\":\"https:\/\/montina.it\/en\/\",\"logo\":{\"@type\":\"ImageObject\",\"inLanguage\":\"en-GB\",\"@id\":\"https:\/\/montina.it\/en\/#\/schema\/logo\/image\/\",\"url\":\"https:\/\/montina.it\/wp-content\/uploads\/2025\/03\/MN_.svg\",\"contentUrl\":\"https:\/\/montina.it\/wp-content\/uploads\/2025\/03\/MN_.svg\",\"width\":987,\"height\":253,\"caption\":\"Montina\"},\"image\":{\"@id\":\"https:\/\/montina.it\/en\/#\/schema\/logo\/image\/\"},\"sameAs\":[\"https:\/\/www.facebook.com\/Montina-623239277886558\/\"]}]}<\/script>\n<!-- \/ Yoast SEO plugin. -->","yoast_head_json":{"title":"Sedia 1005 Regista Chair - Montina","robots":{"index":"index","follow":"follow","max-snippet":"max-snippet:-1","max-image-preview":"max-image-preview:large","max-video-preview":"max-video-preview:-1"},"canonical":"https:\/\/montina.it\/en\/product\/1005-chair\/?trp_user_switched=1","og_locale":"en_GB","og_type":"article","og_title":"Sedia 1005 Regista Chair - Montina","og_description":"La riedizione della sedia da regista art. 1005 di Montina, disegnata da Mario Zujan, rappresenta un perfetto equilibrio tra tradizione progettuale e funzionalit\u00e0 contemporanea. Ispirata al modello classico della sedia da regista, questa versione \u00e8 stata reinterpretata per garantire maggiore resistenza agli agenti atmosferici e versatilit\u00e0 d\u2019uso. Seduta e schienale sono realizzati in tessuto acrilico, [&hellip;]","og_url":"https:\/\/montina.it\/en\/product\/1005-chair\/?trp_user_switched=1","og_site_name":"Montina","article_publisher":"https:\/\/www.facebook.com\/Montina-623239277886558\/","article_modified_time":"2026-03-16T16:35:38+00:00","og_image":[{"width":1500,"height":1200,"url":"https:\/\/montina.it\/wp-content\/uploads\/2025\/04\/montina_0.jpg","type":"image\/jpeg"}],"twitter_card":"summary_large_image","twitter_misc":{"Estimated reading time":"2 minutes"},"schema":{"@context":"https:\/\/schema.org","@graph":[{"@type":"WebPage","@id":"https:\/\/montina.it\/en\/1005-chair\/","url":"https:\/\/montina.it\/en\/1005-chair\/","name":"1005 Chair | Montina\u00ae","isPartOf":{"@id":"https:\/\/montina.it\/en\/#website"},"primaryImageOfPage":{"@id":"https:\/\/montina.it\/prodotto\/1005-chair\/#primaryimage"},"image":{"@id":"https:\/\/montina.it\/prodotto\/1005-chair\/#primaryimage"},"thumbnailUrl":"https:\/\/montina.it\/wp-content\/uploads\/2025\/04\/montina_0.jpg","datePublished":"2025-04-14T14:02:54+00:00","dateModified":"2026-03-16T16:35:38+00:00","breadcrumb":{"@id":"https:\/\/montina.it\/prodotto\/1005-chair\/#breadcrumb"},"inLanguage":"en-GB","potentialAction":[{"@type":"ReadAction","target":["https:\/\/montina.it\/en\/1005-chair\/"]}],"description":"Montina director chair art. 1005 designed by Mario Zujan. Folding outdoor ash wood frame and acrylic fabric. 100% Made in Italy."},{"@type":"ImageObject","inLanguage":"en-GB","@id":"https:\/\/montina.it\/prodotto\/1005-chair\/#primaryimage","url":"https:\/\/montina.it\/wp-content\/uploads\/2025\/04\/montina_0.jpg","contentUrl":"https:\/\/montina.it\/wp-content\/uploads\/2025\/04\/montina_0.jpg","width":1500,"height":1200},{"@type":"BreadcrumbList","@id":"https:\/\/montina.it\/prodotto\/1005-chair\/#breadcrumb","itemListElement":[{"@type":"ListItem","position":1,"name":"Home","item":"https:\/\/montina.it\/"},{"@type":"ListItem","position":2,"name":"Prodotti","item":"https:\/\/montina.it\/prodotti\/"},{"@type":"ListItem","position":3,"name":"Sedia 1005 Regista Chair"}]},{"@type":"WebSite","@id":"https:\/\/montina.it\/en\/#website","url":"https:\/\/montina.it\/en\/","name":"Montina","description":"","publisher":{"@id":"https:\/\/montina.it\/en\/#organization"},"potentialAction":[{"@type":"SearchAction","target":{"@type":"EntryPoint","urlTemplate":"https:\/\/montina.it\/en\/?s={search_term_string}"},"query-input":{"@type":"PropertyValueSpecification","valueRequired":true,"valueName":"search_term_string"}}],"inLanguage":"en-GB"},{"@type":"Organization","@id":"https:\/\/montina.it\/en\/#organization","name":"Montina","url":"https:\/\/montina.it\/en\/","logo":{"@type":"ImageObject","inLanguage":"en-GB","@id":"https:\/\/montina.it\/en\/#\/schema\/logo\/image\/","url":"https:\/\/montina.it\/wp-content\/uploads\/2025\/03\/MN_.svg","contentUrl":"https:\/\/montina.it\/wp-content\/uploads\/2025\/03\/MN_.svg","width":987,"height":253,"caption":"Montina"},"image":{"@id":"https:\/\/montina.it\/en\/#\/schema\/logo\/image\/"},"sameAs":["https:\/\/www.facebook.com\/Montina-623239277886558\/"]}]}},"_links":{"self":[{"href":"https:\/\/montina.it\/en\/wp-json\/wp\/v2\/product\/3223","targetHints":{"allow":["GET"]}}],"collection":[{"href":"https:\/\/montina.it\/en\/wp-json\/wp\/v2\/product"}],"about":[{"href":"https:\/\/montina.it\/en\/wp-json\/wp\/v2\/types\/product"}],"version-history":[{"count":6,"href":"https:\/\/montina.it\/en\/wp-json\/wp\/v2\/product\/3223\/revisions"}],"predecessor-version":[{"id":4745,"href":"https:\/\/montina.it\/en\/wp-json\/wp\/v2\/product\/3223\/revisions\/4745"}],"wp:featuredmedia":[{"embeddable":true,"href":"https:\/\/montina.it\/en\/wp-json\/wp\/v2\/media\/3224"}],"wp:attachment":[{"href":"https:\/\/montina.it\/en\/wp-json\/wp\/v2\/media?parent=3223"}],"wp:term":[{"taxonomy":"product_brand","embeddable":true,"href":"https:\/\/montina.it\/en\/wp-json\/wp\/v2\/product_brand?post=3223"},{"taxonomy":"product_cat","embeddable":true,"href":"https:\/\/montina.it\/en\/wp-json\/wp\/v2\/product_cat?post=3223"},{"taxonomy":"product_tag","embeddable":true,"href":"https:\/\/montina.it\/en\/wp-json\/wp\/v2\/product_tag?post=3223"}],"curies":[{"name":"wp","href":"https:\/\/api.w.org\/{rel}","templated":true}]}}