{"id":3266,"date":"2025-04-14T16:03:15","date_gmt":"2025-04-14T14:03:15","guid":{"rendered":"https:\/\/montina.it\/prodotto\/sedia-1006-regista-leather\/"},"modified":"2026-03-16T19:36:23","modified_gmt":"2026-03-16T18:36:23","slug":"1006-regista-leather-chair","status":"publish","type":"product","link":"https:\/\/montina.it\/en\/product\/1006-regista-leather-chair\/","title":{"rendered":"1006 Regista Leather Chair"},"content":{"rendered":"<p data-start=\"75\" data-end=\"427\">La <strong data-start=\"78\" data-end=\"125\">riedizione della sedia da regista art. 1006<\/strong> di <span class=\"hover:entity-accent entity-underline inline cursor-pointer align-baseline\"><span class=\"whitespace-normal\">Montina<\/span><\/span>, disegnata da <span class=\"hover:entity-accent entity-underline inline cursor-pointer align-baseline\"><span class=\"whitespace-normal\">Mario Zujan<\/span><\/span>, rappresenta un equilibrio tra tradizione funzionale e design contemporaneo. Ispirata al modello classico delle sedute da regista, la sedia mantiene un carattere iconico unito a soluzioni costruttive moderne.<\/p>\n<p data-start=\"429\" data-end=\"864\">Seduta e schienale sono realizzati in cuoio, materiale scelto per garantire comfort, resistenza e una piacevole esperienza tattile. La struttura pieghevole \u00e8 in massello di frassino trattato per l\u2019uso anche in ambienti esterni, valorizzando la naturale resistenza del legno e la durabilit\u00e0 del prodotto. La ferramenta \u00e8 realizzata in acciaio inox, soluzione che assicura protezione dalla corrosione e maggiore affidabilit\u00e0 strutturale.<\/p>\n<p data-start=\"866\" data-end=\"1111\">La sedia da regista art. 1006 \u00e8 progettata per essere pratica e funzionale grazie al sistema pieghevole, caratteristica che la rende adatta sia ad ambienti interni che a contesti outdoor protetti, senza rinunciare allo stile del design italiano.<\/p>\n<p data-start=\"1113\" data-end=\"1315\">Interamente progettata e prodotta in Italia, questa riedizione celebra la tradizione del design classico reinterpretandolo in chiave contemporanea attraverso materiali di qualit\u00e0 e lavorazioni accurate.<\/p>\n<p data-start=\"1317\" data-end=\"1348\"><strong data-start=\"1317\" data-end=\"1346\">Caratteristiche tecniche:<\/strong><\/p>\n<p data-start=\"1439\" data-end=\"1482\">Seduta e schienale: cuoio per uso interno<\/p>\n<p data-start=\"1485\" data-end=\"1539\">Struttura: massello di frassino trattato per esterni<\/p>\n<p data-start=\"1542\" data-end=\"1568\">Ferramenta: acciaio inox<\/p>\n<p data-start=\"1571\" data-end=\"1611\">Tipologia: sedia da regista pieghevole<\/p>\n<p data-start=\"1614\" data-end=\"1630\">Altezza: 87 cm<\/p>\n<p data-start=\"1633\" data-end=\"1656\">Altezza seduta: 44 cm<\/p>\n<p data-start=\"1659\" data-end=\"1677\">Larghezza: 49 cm<\/p>\n<p data-start=\"1680\" data-end=\"1699\">Profondit\u00e0: 52 cm<\/p>","protected":false},"excerpt":{"rendered":"<p>La riedizione della sedia da regista art. 1006 di Montina, disegnata da Mario Zujan, rappresenta un equilibrio tra tradizione funzionale e design contemporaneo. Ispirata al modello classico delle sedute da regista, la sedia mantiene un carattere iconico unito a soluzioni costruttive moderne. Seduta e schienale sono realizzati in cuoio, materiale scelto per garantire comfort, resistenza [&hellip;]<\/p>","protected":false},"featured_media":3268,"template":"","meta":{"_acf_changed":false},"product_brand":[96],"product_cat":[137,130,125,139,64,126,134,56,127,136,133,129,132],"product_tag":[],"class_list":{"0":"post-3266","1":"product","2":"type-product","3":"status-publish","4":"has-post-thumbnail","6":"designer-mario-zujan","7":"product_brand-montina","8":"product_cat-accoglienza","9":"product_cat-bar-e-ristoranti","10":"product_cat-casa","11":"product_cat-co-working","12":"product_cat-heritage","13":"product_cat-sala-da-pranzo","14":"product_cat-sale-riunioni","15":"product_cat-sedie","16":"product_cat-soggiorno","17":"product_cat-spazi-pubblici","18":"product_cat-spazi-ufficio","19":"product_cat-spazio-di-lavoro","20":"product_cat-ufficio","22":"first","23":"instock","24":"featured","25":"shipping-taxable","26":"purchasable","27":"product-type-simple"},"acf":[],"yoast_head":"<!-- This site is optimized with the Yoast SEO plugin v24.7 - https:\/\/yoast.com\/wordpress\/plugins\/seo\/ -->\n<title>Sedia 1006 Regista Leather - Montina<\/title>\n<meta name=\"robots\" content=\"index, follow, max-snippet:-1, max-image-preview:large, max-video-preview:-1\" \/>\n<link rel=\"canonical\" href=\"https:\/\/montina.it\/en\/product\/1006-regista-leather-chair\/?trp_user_switched=1\" \/>\n<meta property=\"og:locale\" content=\"en_GB\" \/>\n<meta property=\"og:type\" content=\"article\" \/>\n<meta property=\"og:title\" content=\"Sedia 1006 Regista Leather - Montina\" \/>\n<meta property=\"og:description\" content=\"La riedizione della sedia da regista art. 1006 di Montina, disegnata da Mario Zujan, rappresenta un equilibrio tra tradizione funzionale e design contemporaneo. Ispirata al modello classico delle sedute da regista, la sedia mantiene un carattere iconico unito a soluzioni costruttive moderne. Seduta e schienale sono realizzati in cuoio, materiale scelto per garantire comfort, resistenza [&hellip;]\" \/>\n<meta property=\"og:url\" content=\"https:\/\/montina.it\/en\/product\/1006-regista-leather-chair\/?trp_user_switched=1\" \/>\n<meta property=\"og:site_name\" content=\"Montina\" \/>\n<meta property=\"article:publisher\" content=\"https:\/\/www.facebook.com\/Montina-623239277886558\/\" \/>\n<meta property=\"article:modified_time\" content=\"2026-03-16T18:36:23+00:00\" \/>\n<meta property=\"og:image\" content=\"https:\/\/montina.it\/wp-content\/uploads\/2025\/04\/montina_regista_cuoio_indoor_front_1-1.jpg\" \/>\n\t<meta property=\"og:image:width\" content=\"1500\" \/>\n\t<meta property=\"og:image:height\" content=\"1200\" \/>\n\t<meta property=\"og:image:type\" content=\"image\/jpeg\" \/>\n<meta name=\"twitter:card\" content=\"summary_large_image\" \/>\n<meta name=\"twitter:label1\" content=\"Estimated reading time\" \/>\n\t<meta name=\"twitter:data1\" content=\"2 minutes\" \/>\n<script type=\"application\/ld+json\" class=\"yoast-schema-graph\">{\"@context\":\"https:\/\/schema.org\",\"@graph\":[{\"@type\":\"WebPage\",\"@id\":\"https:\/\/montina.it\/en\/1006-regista-leather-chair\/\",\"url\":\"https:\/\/montina.it\/en\/1006-regista-leather-chair\/\",\"name\":\"1006 Regista | Montina\u00ae\",\"isPartOf\":{\"@id\":\"https:\/\/montina.it\/en\/#website\"},\"primaryImageOfPage\":{\"@id\":\"https:\/\/montina.it\/prodotto\/1006-regista-leather-chair\/#primaryimage\"},\"image\":{\"@id\":\"https:\/\/montina.it\/prodotto\/1006-regista-leather-chair\/#primaryimage\"},\"thumbnailUrl\":\"https:\/\/montina.it\/wp-content\/uploads\/2025\/04\/montina_regista_cuoio_indoor_front_1-1.jpg\",\"datePublished\":\"2025-04-14T14:03:15+00:00\",\"dateModified\":\"2026-03-16T18:36:23+00:00\",\"breadcrumb\":{\"@id\":\"https:\/\/montina.it\/prodotto\/1006-regista-leather-chair\/#breadcrumb\"},\"inLanguage\":\"en-GB\",\"potentialAction\":[{\"@type\":\"ReadAction\",\"target\":[\"https:\/\/montina.it\/en\/1006-regista-leather-chair\/\"]}],\"description\":\"Montina director chair art. 1006 designed by Mario Zujan. Folding ash wood frame, leather seat and 100% Made in Italy design.\"},{\"@type\":\"ImageObject\",\"inLanguage\":\"en-GB\",\"@id\":\"https:\/\/montina.it\/prodotto\/1006-regista-leather-chair\/#primaryimage\",\"url\":\"https:\/\/montina.it\/wp-content\/uploads\/2025\/04\/montina_regista_cuoio_indoor_front_1-1.jpg\",\"contentUrl\":\"https:\/\/montina.it\/wp-content\/uploads\/2025\/04\/montina_regista_cuoio_indoor_front_1-1.jpg\",\"width\":1500,\"height\":1200},{\"@type\":\"BreadcrumbList\",\"@id\":\"https:\/\/montina.it\/prodotto\/1006-regista-leather-chair\/#breadcrumb\",\"itemListElement\":[{\"@type\":\"ListItem\",\"position\":1,\"name\":\"Home\",\"item\":\"https:\/\/montina.it\/\"},{\"@type\":\"ListItem\",\"position\":2,\"name\":\"Prodotti\",\"item\":\"https:\/\/montina.it\/prodotti\/\"},{\"@type\":\"ListItem\",\"position\":3,\"name\":\"Sedia 1006 Regista Leather\"}]},{\"@type\":\"WebSite\",\"@id\":\"https:\/\/montina.it\/en\/#website\",\"url\":\"https:\/\/montina.it\/en\/\",\"name\":\"Montina\",\"description\":\"\",\"publisher\":{\"@id\":\"https:\/\/montina.it\/en\/#organization\"},\"potentialAction\":[{\"@type\":\"SearchAction\",\"target\":{\"@type\":\"EntryPoint\",\"urlTemplate\":\"https:\/\/montina.it\/en\/?s={search_term_string}\"},\"query-input\":{\"@type\":\"PropertyValueSpecification\",\"valueRequired\":true,\"valueName\":\"search_term_string\"}}],\"inLanguage\":\"en-GB\"},{\"@type\":\"Organization\",\"@id\":\"https:\/\/montina.it\/en\/#organization\",\"name\":\"Montina\",\"url\":\"https:\/\/montina.it\/en\/\",\"logo\":{\"@type\":\"ImageObject\",\"inLanguage\":\"en-GB\",\"@id\":\"https:\/\/montina.it\/en\/#\/schema\/logo\/image\/\",\"url\":\"https:\/\/montina.it\/wp-content\/uploads\/2025\/03\/MN_.svg\",\"contentUrl\":\"https:\/\/montina.it\/wp-content\/uploads\/2025\/03\/MN_.svg\",\"width\":987,\"height\":253,\"caption\":\"Montina\"},\"image\":{\"@id\":\"https:\/\/montina.it\/en\/#\/schema\/logo\/image\/\"},\"sameAs\":[\"https:\/\/www.facebook.com\/Montina-623239277886558\/\"]}]}<\/script>\n<!-- \/ Yoast SEO plugin. -->","yoast_head_json":{"title":"Sedia 1006 Regista Leather - Montina","robots":{"index":"index","follow":"follow","max-snippet":"max-snippet:-1","max-image-preview":"max-image-preview:large","max-video-preview":"max-video-preview:-1"},"canonical":"https:\/\/montina.it\/en\/product\/1006-regista-leather-chair\/?trp_user_switched=1","og_locale":"en_GB","og_type":"article","og_title":"Sedia 1006 Regista Leather - Montina","og_description":"La riedizione della sedia da regista art. 1006 di Montina, disegnata da Mario Zujan, rappresenta un equilibrio tra tradizione funzionale e design contemporaneo. Ispirata al modello classico delle sedute da regista, la sedia mantiene un carattere iconico unito a soluzioni costruttive moderne. Seduta e schienale sono realizzati in cuoio, materiale scelto per garantire comfort, resistenza [&hellip;]","og_url":"https:\/\/montina.it\/en\/product\/1006-regista-leather-chair\/?trp_user_switched=1","og_site_name":"Montina","article_publisher":"https:\/\/www.facebook.com\/Montina-623239277886558\/","article_modified_time":"2026-03-16T18:36:23+00:00","og_image":[{"width":1500,"height":1200,"url":"https:\/\/montina.it\/wp-content\/uploads\/2025\/04\/montina_regista_cuoio_indoor_front_1-1.jpg","type":"image\/jpeg"}],"twitter_card":"summary_large_image","twitter_misc":{"Estimated reading time":"2 minutes"},"schema":{"@context":"https:\/\/schema.org","@graph":[{"@type":"WebPage","@id":"https:\/\/montina.it\/en\/1006-regista-leather-chair\/","url":"https:\/\/montina.it\/en\/1006-regista-leather-chair\/","name":"1006 Regista | Montina\u00ae","isPartOf":{"@id":"https:\/\/montina.it\/en\/#website"},"primaryImageOfPage":{"@id":"https:\/\/montina.it\/prodotto\/1006-regista-leather-chair\/#primaryimage"},"image":{"@id":"https:\/\/montina.it\/prodotto\/1006-regista-leather-chair\/#primaryimage"},"thumbnailUrl":"https:\/\/montina.it\/wp-content\/uploads\/2025\/04\/montina_regista_cuoio_indoor_front_1-1.jpg","datePublished":"2025-04-14T14:03:15+00:00","dateModified":"2026-03-16T18:36:23+00:00","breadcrumb":{"@id":"https:\/\/montina.it\/prodotto\/1006-regista-leather-chair\/#breadcrumb"},"inLanguage":"en-GB","potentialAction":[{"@type":"ReadAction","target":["https:\/\/montina.it\/en\/1006-regista-leather-chair\/"]}],"description":"Montina director chair art. 1006 designed by Mario Zujan. Folding ash wood frame, leather seat and 100% Made in Italy design."},{"@type":"ImageObject","inLanguage":"en-GB","@id":"https:\/\/montina.it\/prodotto\/1006-regista-leather-chair\/#primaryimage","url":"https:\/\/montina.it\/wp-content\/uploads\/2025\/04\/montina_regista_cuoio_indoor_front_1-1.jpg","contentUrl":"https:\/\/montina.it\/wp-content\/uploads\/2025\/04\/montina_regista_cuoio_indoor_front_1-1.jpg","width":1500,"height":1200},{"@type":"BreadcrumbList","@id":"https:\/\/montina.it\/prodotto\/1006-regista-leather-chair\/#breadcrumb","itemListElement":[{"@type":"ListItem","position":1,"name":"Home","item":"https:\/\/montina.it\/"},{"@type":"ListItem","position":2,"name":"Prodotti","item":"https:\/\/montina.it\/prodotti\/"},{"@type":"ListItem","position":3,"name":"Sedia 1006 Regista Leather"}]},{"@type":"WebSite","@id":"https:\/\/montina.it\/en\/#website","url":"https:\/\/montina.it\/en\/","name":"Montina","description":"","publisher":{"@id":"https:\/\/montina.it\/en\/#organization"},"potentialAction":[{"@type":"SearchAction","target":{"@type":"EntryPoint","urlTemplate":"https:\/\/montina.it\/en\/?s={search_term_string}"},"query-input":{"@type":"PropertyValueSpecification","valueRequired":true,"valueName":"search_term_string"}}],"inLanguage":"en-GB"},{"@type":"Organization","@id":"https:\/\/montina.it\/en\/#organization","name":"Montina","url":"https:\/\/montina.it\/en\/","logo":{"@type":"ImageObject","inLanguage":"en-GB","@id":"https:\/\/montina.it\/en\/#\/schema\/logo\/image\/","url":"https:\/\/montina.it\/wp-content\/uploads\/2025\/03\/MN_.svg","contentUrl":"https:\/\/montina.it\/wp-content\/uploads\/2025\/03\/MN_.svg","width":987,"height":253,"caption":"Montina"},"image":{"@id":"https:\/\/montina.it\/en\/#\/schema\/logo\/image\/"},"sameAs":["https:\/\/www.facebook.com\/Montina-623239277886558\/"]}]}},"_links":{"self":[{"href":"https:\/\/montina.it\/en\/wp-json\/wp\/v2\/product\/3266","targetHints":{"allow":["GET"]}}],"collection":[{"href":"https:\/\/montina.it\/en\/wp-json\/wp\/v2\/product"}],"about":[{"href":"https:\/\/montina.it\/en\/wp-json\/wp\/v2\/types\/product"}],"version-history":[{"count":5,"href":"https:\/\/montina.it\/en\/wp-json\/wp\/v2\/product\/3266\/revisions"}],"predecessor-version":[{"id":4755,"href":"https:\/\/montina.it\/en\/wp-json\/wp\/v2\/product\/3266\/revisions\/4755"}],"wp:featuredmedia":[{"embeddable":true,"href":"https:\/\/montina.it\/en\/wp-json\/wp\/v2\/media\/3268"}],"wp:attachment":[{"href":"https:\/\/montina.it\/en\/wp-json\/wp\/v2\/media?parent=3266"}],"wp:term":[{"taxonomy":"product_brand","embeddable":true,"href":"https:\/\/montina.it\/en\/wp-json\/wp\/v2\/product_brand?post=3266"},{"taxonomy":"product_cat","embeddable":true,"href":"https:\/\/montina.it\/en\/wp-json\/wp\/v2\/product_cat?post=3266"},{"taxonomy":"product_tag","embeddable":true,"href":"https:\/\/montina.it\/en\/wp-json\/wp\/v2\/product_tag?post=3266"}],"curies":[{"name":"wp","href":"https:\/\/api.w.org\/{rel}","templated":true}]}}