{"id":3944,"date":"2025-08-28T17:51:53","date_gmt":"2025-08-28T15:51:53","guid":{"rendered":"https:\/\/montina.it\/?post_type=product&#038;p=3944"},"modified":"2026-02-28T18:00:24","modified_gmt":"2026-02-28T17:00:24","slug":"tavolino-twist","status":"publish","type":"product","link":"https:\/\/montina.it\/en\/product\/tavolino-twist\/","title":{"rendered":"Twist Side Table"},"content":{"rendered":"<div id=\"attributedescription\" class=\"data item content\" role=\"tabpanel\" data-role=\"content\" aria-labelledby=\"tab-label-attributedescription\" aria-hidden=\"false\">\n<div class=\"product attribute description\">\n<div class=\"value\">\n<p data-start=\"75\" data-end=\"451\">Il tavolino <strong data-start=\"87\" data-end=\"96\">Twist<\/strong> di <span class=\"hover:entity-accent entity-underline inline cursor-pointer align-baseline\"><span class=\"whitespace-normal\">Montina<\/span><\/span> \u00e8 un complemento d\u2019arredo rotondo dal design essenziale e funzionale, pensato per integrarsi con eleganza in diversi contesti abitativi. La struttura in acciaio con colonna centrale offre stabilit\u00e0 e un\u2019estetica leggera e contemporanea, mentre il piano in multistrati valorizza la semplicit\u00e0 formale del prodotto.<\/p>\n<p data-start=\"453\" data-end=\"748\">Twist \u00e8 un tavolino di supporto versatile, ideale da affiancare a divani, poltroncine o letti. Perfetto per appoggiare libri, una tazza di t\u00e8 o per lavorare al computer, pu\u00f2 essere utilizzato anche come pratico comodino per la camera da letto o come piccolo tavolino d\u2019appoggio in spazi ridotti.<\/p>\n<p data-start=\"750\" data-end=\"908\">La qualit\u00e0 costruttiva e la cura dei dettagli riflettono l\u2019eccellenza del design italiano, garantendo robustezza, funzionalit\u00e0 e uno stile moderno e discreto.<\/p>\n<p data-start=\"910\" data-end=\"1070\">Interamente progettato e prodotto in Italia, Twist rappresenta l\u2019autenticit\u00e0 del Made in Italy nel segno della semplicit\u00e0 formale e della qualit\u00e0 dei materiali.<\/p>\n<p data-start=\"1072\" data-end=\"1103\"><strong data-start=\"1072\" data-end=\"1101\">Caratteristiche tecniche:<\/strong><\/p>\n<p data-start=\"1106\" data-end=\"1147\">Struttura: acciaio con colonna centrale<\/p>\n<p data-start=\"1150\" data-end=\"1170\">Piano: multistrati<\/p>\n<p data-start=\"1217\" data-end=\"1233\">Altezza: 55 cm<\/p>\n<p data-start=\"1236\" data-end=\"1259\">Diametro piano: 36 cm<\/p>\n<\/div>\n<\/div>\n<\/div>","protected":false},"excerpt":{"rendered":"<p>Il tavolino Twist di Montina \u00e8 un complemento d\u2019arredo rotondo dal design essenziale e funzionale, pensato per integrarsi con eleganza in diversi contesti abitativi. La struttura in acciaio con colonna centrale offre stabilit\u00e0 e un\u2019estetica leggera e contemporanea, mentre il piano in multistrati valorizza la semplicit\u00e0 formale del prodotto. Twist \u00e8 un tavolino di supporto [&hellip;]<\/p>","protected":false},"featured_media":3948,"template":"","meta":{"_acf_changed":false},"product_brand":[96],"product_cat":[137,131,125,139,135,127,136,133,129,62],"product_tag":[],"class_list":{"0":"post-3944","1":"product","2":"type-product","3":"status-publish","4":"has-post-thumbnail","6":"designer-studio-montina","7":"product_brand-montina","8":"product_cat-accoglienza","9":"product_cat-aeroporti","10":"product_cat-casa","11":"product_cat-co-working","12":"product_cat-sale-dattesa","13":"product_cat-soggiorno","14":"product_cat-spazi-pubblici","15":"product_cat-spazi-ufficio","16":"product_cat-spazio-di-lavoro","17":"product_cat-tavolini","19":"first","20":"instock","21":"featured","22":"shipping-taxable","23":"product-type-simple"},"acf":[],"yoast_head":"<!-- This site is optimized with the Yoast SEO plugin v24.7 - https:\/\/yoast.com\/wordpress\/plugins\/seo\/ -->\n<title>Tavolino Twist - Montina<\/title>\n<meta name=\"robots\" content=\"index, follow, max-snippet:-1, max-image-preview:large, max-video-preview:-1\" \/>\n<link rel=\"canonical\" href=\"https:\/\/montina.it\/en\/product\/tavolino-twist\/?trp_user_switched=1\" \/>\n<meta property=\"og:locale\" content=\"en_GB\" \/>\n<meta property=\"og:type\" content=\"article\" \/>\n<meta property=\"og:title\" content=\"Tavolino Twist - Montina\" \/>\n<meta property=\"og:description\" content=\"Il tavolino Twist di Montina \u00e8 un complemento d\u2019arredo rotondo dal design essenziale e funzionale, pensato per integrarsi con eleganza in diversi contesti abitativi. La struttura in acciaio con colonna centrale offre stabilit\u00e0 e un\u2019estetica leggera e contemporanea, mentre il piano in multistrati valorizza la semplicit\u00e0 formale del prodotto. Twist \u00e8 un tavolino di supporto [&hellip;]\" \/>\n<meta property=\"og:url\" content=\"https:\/\/montina.it\/en\/product\/tavolino-twist\/?trp_user_switched=1\" \/>\n<meta property=\"og:site_name\" content=\"Montina\" \/>\n<meta property=\"article:publisher\" content=\"https:\/\/www.facebook.com\/Montina-623239277886558\/\" \/>\n<meta property=\"article:modified_time\" content=\"2026-02-28T17:00:24+00:00\" \/>\n<meta property=\"og:image\" content=\"https:\/\/montina.it\/wp-content\/uploads\/2025\/08\/SedieDesign-10.jpg\" \/>\n\t<meta property=\"og:image:width\" content=\"2500\" \/>\n\t<meta property=\"og:image:height\" content=\"1875\" \/>\n\t<meta property=\"og:image:type\" content=\"image\/jpeg\" \/>\n<meta name=\"twitter:card\" content=\"summary_large_image\" \/>\n<meta name=\"twitter:label1\" content=\"Estimated reading time\" \/>\n\t<meta name=\"twitter:data1\" content=\"2 minutes\" \/>\n<script type=\"application\/ld+json\" class=\"yoast-schema-graph\">{\"@context\":\"https:\/\/schema.org\",\"@graph\":[{\"@type\":\"WebPage\",\"@id\":\"https:\/\/montina.it\/en\/twist-side-table\/\",\"url\":\"https:\/\/montina.it\/en\/twist-side-table\/\",\"name\":\"Twist | Montina\u00ae\",\"isPartOf\":{\"@id\":\"https:\/\/montina.it\/en\/#website\"},\"primaryImageOfPage\":{\"@id\":\"https:\/\/montina.it\/prodotto\/tavolino-twist\/#primaryimage\"},\"image\":{\"@id\":\"https:\/\/montina.it\/prodotto\/tavolino-twist\/#primaryimage\"},\"thumbnailUrl\":\"https:\/\/montina.it\/wp-content\/uploads\/2025\/08\/SedieDesign-10.jpg\",\"datePublished\":\"2025-08-28T15:51:53+00:00\",\"dateModified\":\"2026-02-28T17:00:24+00:00\",\"breadcrumb\":{\"@id\":\"https:\/\/montina.it\/prodotto\/tavolino-twist\/#breadcrumb\"},\"inLanguage\":\"en-GB\",\"potentialAction\":[{\"@type\":\"ReadAction\",\"target\":[\"https:\/\/montina.it\/en\/twist-side-table\/\"]}],\"description\":\"Twist by Montina is a round side table with steel structure and multilayer top. Modern design, compact size and 100% Made in Italy.\"},{\"@type\":\"ImageObject\",\"inLanguage\":\"en-GB\",\"@id\":\"https:\/\/montina.it\/prodotto\/tavolino-twist\/#primaryimage\",\"url\":\"https:\/\/montina.it\/wp-content\/uploads\/2025\/08\/SedieDesign-10.jpg\",\"contentUrl\":\"https:\/\/montina.it\/wp-content\/uploads\/2025\/08\/SedieDesign-10.jpg\",\"width\":2500,\"height\":1875},{\"@type\":\"BreadcrumbList\",\"@id\":\"https:\/\/montina.it\/prodotto\/tavolino-twist\/#breadcrumb\",\"itemListElement\":[{\"@type\":\"ListItem\",\"position\":1,\"name\":\"Home\",\"item\":\"https:\/\/montina.it\/\"},{\"@type\":\"ListItem\",\"position\":2,\"name\":\"Prodotti\",\"item\":\"https:\/\/montina.it\/prodotti\/\"},{\"@type\":\"ListItem\",\"position\":3,\"name\":\"Tavolino Twist\"}]},{\"@type\":\"WebSite\",\"@id\":\"https:\/\/montina.it\/en\/#website\",\"url\":\"https:\/\/montina.it\/en\/\",\"name\":\"Montina\",\"description\":\"\",\"publisher\":{\"@id\":\"https:\/\/montina.it\/en\/#organization\"},\"potentialAction\":[{\"@type\":\"SearchAction\",\"target\":{\"@type\":\"EntryPoint\",\"urlTemplate\":\"https:\/\/montina.it\/en\/?s={search_term_string}\"},\"query-input\":{\"@type\":\"PropertyValueSpecification\",\"valueRequired\":true,\"valueName\":\"search_term_string\"}}],\"inLanguage\":\"en-GB\"},{\"@type\":\"Organization\",\"@id\":\"https:\/\/montina.it\/en\/#organization\",\"name\":\"Montina\",\"url\":\"https:\/\/montina.it\/en\/\",\"logo\":{\"@type\":\"ImageObject\",\"inLanguage\":\"en-GB\",\"@id\":\"https:\/\/montina.it\/en\/#\/schema\/logo\/image\/\",\"url\":\"https:\/\/montina.it\/wp-content\/uploads\/2025\/03\/MN_.svg\",\"contentUrl\":\"https:\/\/montina.it\/wp-content\/uploads\/2025\/03\/MN_.svg\",\"width\":987,\"height\":253,\"caption\":\"Montina\"},\"image\":{\"@id\":\"https:\/\/montina.it\/en\/#\/schema\/logo\/image\/\"},\"sameAs\":[\"https:\/\/www.facebook.com\/Montina-623239277886558\/\"]}]}<\/script>\n<!-- \/ Yoast SEO plugin. -->","yoast_head_json":{"title":"Tavolino Twist - Montina","robots":{"index":"index","follow":"follow","max-snippet":"max-snippet:-1","max-image-preview":"max-image-preview:large","max-video-preview":"max-video-preview:-1"},"canonical":"https:\/\/montina.it\/en\/product\/tavolino-twist\/?trp_user_switched=1","og_locale":"en_GB","og_type":"article","og_title":"Tavolino Twist - Montina","og_description":"Il tavolino Twist di Montina \u00e8 un complemento d\u2019arredo rotondo dal design essenziale e funzionale, pensato per integrarsi con eleganza in diversi contesti abitativi. La struttura in acciaio con colonna centrale offre stabilit\u00e0 e un\u2019estetica leggera e contemporanea, mentre il piano in multistrati valorizza la semplicit\u00e0 formale del prodotto. Twist \u00e8 un tavolino di supporto [&hellip;]","og_url":"https:\/\/montina.it\/en\/product\/tavolino-twist\/?trp_user_switched=1","og_site_name":"Montina","article_publisher":"https:\/\/www.facebook.com\/Montina-623239277886558\/","article_modified_time":"2026-02-28T17:00:24+00:00","og_image":[{"width":2500,"height":1875,"url":"https:\/\/montina.it\/wp-content\/uploads\/2025\/08\/SedieDesign-10.jpg","type":"image\/jpeg"}],"twitter_card":"summary_large_image","twitter_misc":{"Estimated reading time":"2 minutes"},"schema":{"@context":"https:\/\/schema.org","@graph":[{"@type":"WebPage","@id":"https:\/\/montina.it\/en\/twist-side-table\/","url":"https:\/\/montina.it\/en\/twist-side-table\/","name":"Twist | Montina\u00ae","isPartOf":{"@id":"https:\/\/montina.it\/en\/#website"},"primaryImageOfPage":{"@id":"https:\/\/montina.it\/prodotto\/tavolino-twist\/#primaryimage"},"image":{"@id":"https:\/\/montina.it\/prodotto\/tavolino-twist\/#primaryimage"},"thumbnailUrl":"https:\/\/montina.it\/wp-content\/uploads\/2025\/08\/SedieDesign-10.jpg","datePublished":"2025-08-28T15:51:53+00:00","dateModified":"2026-02-28T17:00:24+00:00","breadcrumb":{"@id":"https:\/\/montina.it\/prodotto\/tavolino-twist\/#breadcrumb"},"inLanguage":"en-GB","potentialAction":[{"@type":"ReadAction","target":["https:\/\/montina.it\/en\/twist-side-table\/"]}],"description":"Twist by Montina is a round side table with steel structure and multilayer top. Modern design, compact size and 100% Made in Italy."},{"@type":"ImageObject","inLanguage":"en-GB","@id":"https:\/\/montina.it\/prodotto\/tavolino-twist\/#primaryimage","url":"https:\/\/montina.it\/wp-content\/uploads\/2025\/08\/SedieDesign-10.jpg","contentUrl":"https:\/\/montina.it\/wp-content\/uploads\/2025\/08\/SedieDesign-10.jpg","width":2500,"height":1875},{"@type":"BreadcrumbList","@id":"https:\/\/montina.it\/prodotto\/tavolino-twist\/#breadcrumb","itemListElement":[{"@type":"ListItem","position":1,"name":"Home","item":"https:\/\/montina.it\/"},{"@type":"ListItem","position":2,"name":"Prodotti","item":"https:\/\/montina.it\/prodotti\/"},{"@type":"ListItem","position":3,"name":"Tavolino Twist"}]},{"@type":"WebSite","@id":"https:\/\/montina.it\/en\/#website","url":"https:\/\/montina.it\/en\/","name":"Montina","description":"","publisher":{"@id":"https:\/\/montina.it\/en\/#organization"},"potentialAction":[{"@type":"SearchAction","target":{"@type":"EntryPoint","urlTemplate":"https:\/\/montina.it\/en\/?s={search_term_string}"},"query-input":{"@type":"PropertyValueSpecification","valueRequired":true,"valueName":"search_term_string"}}],"inLanguage":"en-GB"},{"@type":"Organization","@id":"https:\/\/montina.it\/en\/#organization","name":"Montina","url":"https:\/\/montina.it\/en\/","logo":{"@type":"ImageObject","inLanguage":"en-GB","@id":"https:\/\/montina.it\/en\/#\/schema\/logo\/image\/","url":"https:\/\/montina.it\/wp-content\/uploads\/2025\/03\/MN_.svg","contentUrl":"https:\/\/montina.it\/wp-content\/uploads\/2025\/03\/MN_.svg","width":987,"height":253,"caption":"Montina"},"image":{"@id":"https:\/\/montina.it\/en\/#\/schema\/logo\/image\/"},"sameAs":["https:\/\/www.facebook.com\/Montina-623239277886558\/"]}]}},"_links":{"self":[{"href":"https:\/\/montina.it\/en\/wp-json\/wp\/v2\/product\/3944","targetHints":{"allow":["GET"]}}],"collection":[{"href":"https:\/\/montina.it\/en\/wp-json\/wp\/v2\/product"}],"about":[{"href":"https:\/\/montina.it\/en\/wp-json\/wp\/v2\/types\/product"}],"version-history":[{"count":3,"href":"https:\/\/montina.it\/en\/wp-json\/wp\/v2\/product\/3944\/revisions"}],"predecessor-version":[{"id":4354,"href":"https:\/\/montina.it\/en\/wp-json\/wp\/v2\/product\/3944\/revisions\/4354"}],"wp:featuredmedia":[{"embeddable":true,"href":"https:\/\/montina.it\/en\/wp-json\/wp\/v2\/media\/3948"}],"wp:attachment":[{"href":"https:\/\/montina.it\/en\/wp-json\/wp\/v2\/media?parent=3944"}],"wp:term":[{"taxonomy":"product_brand","embeddable":true,"href":"https:\/\/montina.it\/en\/wp-json\/wp\/v2\/product_brand?post=3944"},{"taxonomy":"product_cat","embeddable":true,"href":"https:\/\/montina.it\/en\/wp-json\/wp\/v2\/product_cat?post=3944"},{"taxonomy":"product_tag","embeddable":true,"href":"https:\/\/montina.it\/en\/wp-json\/wp\/v2\/product_tag?post=3944"}],"curies":[{"name":"wp","href":"https:\/\/api.w.org\/{rel}","templated":true}]}}