{"id":4017,"date":"2025-08-29T09:33:03","date_gmt":"2025-08-29T07:33:03","guid":{"rendered":"https:\/\/montina.it\/?post_type=product&#038;p=4017"},"modified":"2026-03-15T09:40:54","modified_gmt":"2026-03-15T08:40:54","slug":"poltrona-matt","status":"publish","type":"product","link":"https:\/\/montina.it\/en\/product\/poltrona-matt\/","title":{"rendered":"Matt Armchair"},"content":{"rendered":"<div id=\"attributedescription\" class=\"data item content\" role=\"tabpanel\" data-role=\"content\" aria-labelledby=\"tab-label-attributedescription\" aria-hidden=\"false\">\n<div class=\"product attribute description\">\n<div class=\"value\">\n<p data-start=\"75\" data-end=\"597\">La sedia lounge <strong data-start=\"91\" data-end=\"106\">Matt Lounge<\/strong> di <span class=\"hover:entity-accent entity-underline inline cursor-pointer align-baseline\"><span class=\"whitespace-normal\">Montina<\/span><\/span> \u00e8 un complemento d\u2019arredo dal design contemporaneo che unisce comfort, eleganza materica e precisione costruttiva. L\u2019insieme di seduta e schienale \u00e8 realizzato con fodera in <strong data-start=\"322\" data-end=\"343\">synderme di pelle<\/strong>, materiale tecnico che riproduce l\u2019aspetto della pelle naturale garantendo resistenza, uniformit\u00e0 estetica e buona durabilit\u00e0 nel tempo. La struttura interna \u00e8 rinforzata da una fascia fissa pre-incollata che migliora stabilit\u00e0 e performance ergonomica.<\/p>\n<p data-start=\"599\" data-end=\"998\">Un elemento distintivo della poltrona <strong data-start=\"637\" data-end=\"652\">Matt Lounge<\/strong> \u00e8 la presenza della <strong data-start=\"673\" data-end=\"693\">cerniera cromata<\/strong> posizionata sul retro dello schienale e della seduta. Oltre al valore estetico, la cerniera svolge una funzione tecnica permettendo la separazione tra rivestimento in pelle e struttura metallica, facilitando le operazioni di manutenzione e garantendo maggiore precisione nella realizzazione del prodotto.<\/p>\n<p data-start=\"1000\" data-end=\"1357\">La struttura portante \u00e8 realizzata in <strong data-start=\"1038\" data-end=\"1064\">acciaio cromato lucido<\/strong>, soluzione che conferisce brillantezza superficiale, elevata resistenza meccanica e un\u2019estetica moderna e sofisticata. Le linee morbide e la progettazione ergonomica rendono <strong data-start=\"1239\" data-end=\"1254\">Matt Lounge<\/strong> particolarmente adatta ad ambienti living contemporanei, zone relax e contesti contract o hospitality.<\/p>\n<p data-start=\"1359\" data-end=\"1553\">Interamente progettata e prodotta in Italia, la poltrona Matt Lounge rappresenta l\u2019eccellenza del design italiano attraverso l\u2019utilizzo di materiali selezionati e processi produttivi di qualit\u00e0.<\/p>\n<p data-start=\"1555\" data-end=\"1586\"><strong data-start=\"1555\" data-end=\"1584\">Caratteristiche tecniche:<\/strong><\/p>\n<p data-start=\"1620\" data-end=\"1655\">Struttura: acciaio cromato lucido<\/p>\n<p data-start=\"1658\" data-end=\"1724\">Rivestimento: cuoio con fascia interna pre-incollata<\/p>\n<p data-start=\"1727\" data-end=\"1778\">Dettaglio: cerniera cromata su schienale e seduta<\/p>\n<p data-start=\"1820\" data-end=\"1836\">Altezza: 73 cm<\/p>\n<p data-start=\"1839\" data-end=\"1862\">Altezza seduta: 36 cm<\/p>\n<p data-start=\"1865\" data-end=\"1883\">Larghezza: 61 cm<\/p>\n<p data-start=\"1886\" data-end=\"1905\">Profondit\u00e0: 69 cm<\/p>\n<\/div>\n<\/div>\n<\/div>","protected":false},"excerpt":{"rendered":"<p>La sedia lounge Matt Lounge di Montina \u00e8 un complemento d\u2019arredo dal design contemporaneo che unisce comfort, eleganza materica e precisione costruttiva. L\u2019insieme di seduta e schienale \u00e8 realizzato con fodera in synderme di pelle, materiale tecnico che riproduce l\u2019aspetto della pelle naturale garantendo resistenza, uniformit\u00e0 estetica e buona durabilit\u00e0 nel tempo. La struttura interna [&hellip;]<\/p>","protected":false},"featured_media":3956,"template":"","meta":{"_acf_changed":false},"product_brand":[96],"product_cat":[137,131,125,139,55,135,127,136,133,129,132],"product_tag":[],"class_list":{"0":"post-4017","1":"product","2":"type-product","3":"status-publish","4":"has-post-thumbnail","6":"designer-studio-montina","7":"product_brand-montina","8":"product_cat-accoglienza","9":"product_cat-aeroporti","10":"product_cat-casa","11":"product_cat-co-working","12":"product_cat-poltrone-lounge","13":"product_cat-sale-dattesa","14":"product_cat-soggiorno","15":"product_cat-spazi-pubblici","16":"product_cat-spazi-ufficio","17":"product_cat-spazio-di-lavoro","18":"product_cat-ufficio","20":"first","21":"instock","22":"shipping-taxable","23":"product-type-simple"},"acf":[],"yoast_head":"<!-- This site is optimized with the Yoast SEO plugin v24.7 - https:\/\/yoast.com\/wordpress\/plugins\/seo\/ -->\n<title>Poltrona Matt - Montina<\/title>\n<meta name=\"robots\" content=\"index, follow, max-snippet:-1, max-image-preview:large, max-video-preview:-1\" \/>\n<link rel=\"canonical\" href=\"https:\/\/montina.it\/en\/product\/poltrona-matt\/?trp_user_switched=1\" \/>\n<meta property=\"og:locale\" content=\"en_GB\" \/>\n<meta property=\"og:type\" content=\"article\" \/>\n<meta property=\"og:title\" content=\"Poltrona Matt - Montina\" \/>\n<meta property=\"og:description\" content=\"La sedia lounge Matt Lounge di Montina \u00e8 un complemento d\u2019arredo dal design contemporaneo che unisce comfort, eleganza materica e precisione costruttiva. L\u2019insieme di seduta e schienale \u00e8 realizzato con fodera in synderme di pelle, materiale tecnico che riproduce l\u2019aspetto della pelle naturale garantendo resistenza, uniformit\u00e0 estetica e buona durabilit\u00e0 nel tempo. La struttura interna [&hellip;]\" \/>\n<meta property=\"og:url\" content=\"https:\/\/montina.it\/en\/product\/poltrona-matt\/?trp_user_switched=1\" \/>\n<meta property=\"og:site_name\" content=\"Montina\" \/>\n<meta property=\"article:publisher\" content=\"https:\/\/www.facebook.com\/Montina-623239277886558\/\" \/>\n<meta property=\"article:modified_time\" content=\"2026-03-15T08:40:54+00:00\" \/>\n<meta property=\"og:image\" content=\"https:\/\/montina.it\/wp-content\/uploads\/2025\/08\/Matt-Lounge-chair-steel-base-thick-leather-seat-by-Montina-buy-online.jpg\" \/>\n\t<meta property=\"og:image:width\" content=\"1000\" \/>\n\t<meta property=\"og:image:height\" content=\"989\" \/>\n\t<meta property=\"og:image:type\" content=\"image\/jpeg\" \/>\n<meta name=\"twitter:card\" content=\"summary_large_image\" \/>\n<meta name=\"twitter:label1\" content=\"Estimated reading time\" \/>\n\t<meta name=\"twitter:data1\" content=\"2 minutes\" \/>\n<script type=\"application\/ld+json\" class=\"yoast-schema-graph\">{\"@context\":\"https:\/\/schema.org\",\"@graph\":[{\"@type\":\"WebPage\",\"@id\":\"https:\/\/montina.it\/en\/matt-armchair\/\",\"url\":\"https:\/\/montina.it\/en\/matt-armchair\/\",\"name\":\"Matt Lounge | Montina\u00ae\",\"isPartOf\":{\"@id\":\"https:\/\/montina.it\/en\/#website\"},\"primaryImageOfPage\":{\"@id\":\"https:\/\/montina.it\/prodotto\/poltrona-matt\/#primaryimage\"},\"image\":{\"@id\":\"https:\/\/montina.it\/prodotto\/poltrona-matt\/#primaryimage\"},\"thumbnailUrl\":\"https:\/\/montina.it\/wp-content\/uploads\/2025\/08\/Matt-Lounge-chair-steel-base-thick-leather-seat-by-Montina-buy-online.jpg\",\"datePublished\":\"2025-08-29T07:33:03+00:00\",\"dateModified\":\"2026-03-15T08:40:54+00:00\",\"breadcrumb\":{\"@id\":\"https:\/\/montina.it\/prodotto\/poltrona-matt\/#breadcrumb\"},\"inLanguage\":\"en-GB\",\"potentialAction\":[{\"@type\":\"ReadAction\",\"target\":[\"https:\/\/montina.it\/en\/matt-armchair\/\"]}],\"description\":\"Matt Lounge by Montina is a chrome steel lounge chair with synderme upholstery and zipper detail. Modern 100% Made in Italy design.\"},{\"@type\":\"ImageObject\",\"inLanguage\":\"en-GB\",\"@id\":\"https:\/\/montina.it\/prodotto\/poltrona-matt\/#primaryimage\",\"url\":\"https:\/\/montina.it\/wp-content\/uploads\/2025\/08\/Matt-Lounge-chair-steel-base-thick-leather-seat-by-Montina-buy-online.jpg\",\"contentUrl\":\"https:\/\/montina.it\/wp-content\/uploads\/2025\/08\/Matt-Lounge-chair-steel-base-thick-leather-seat-by-Montina-buy-online.jpg\",\"width\":1000,\"height\":989},{\"@type\":\"BreadcrumbList\",\"@id\":\"https:\/\/montina.it\/prodotto\/poltrona-matt\/#breadcrumb\",\"itemListElement\":[{\"@type\":\"ListItem\",\"position\":1,\"name\":\"Home\",\"item\":\"https:\/\/montina.it\/\"},{\"@type\":\"ListItem\",\"position\":2,\"name\":\"Prodotti\",\"item\":\"https:\/\/montina.it\/prodotti\/\"},{\"@type\":\"ListItem\",\"position\":3,\"name\":\"Poltrona Matt\"}]},{\"@type\":\"WebSite\",\"@id\":\"https:\/\/montina.it\/en\/#website\",\"url\":\"https:\/\/montina.it\/en\/\",\"name\":\"Montina\",\"description\":\"\",\"publisher\":{\"@id\":\"https:\/\/montina.it\/en\/#organization\"},\"potentialAction\":[{\"@type\":\"SearchAction\",\"target\":{\"@type\":\"EntryPoint\",\"urlTemplate\":\"https:\/\/montina.it\/en\/?s={search_term_string}\"},\"query-input\":{\"@type\":\"PropertyValueSpecification\",\"valueRequired\":true,\"valueName\":\"search_term_string\"}}],\"inLanguage\":\"en-GB\"},{\"@type\":\"Organization\",\"@id\":\"https:\/\/montina.it\/en\/#organization\",\"name\":\"Montina\",\"url\":\"https:\/\/montina.it\/en\/\",\"logo\":{\"@type\":\"ImageObject\",\"inLanguage\":\"en-GB\",\"@id\":\"https:\/\/montina.it\/en\/#\/schema\/logo\/image\/\",\"url\":\"https:\/\/montina.it\/wp-content\/uploads\/2025\/03\/MN_.svg\",\"contentUrl\":\"https:\/\/montina.it\/wp-content\/uploads\/2025\/03\/MN_.svg\",\"width\":987,\"height\":253,\"caption\":\"Montina\"},\"image\":{\"@id\":\"https:\/\/montina.it\/en\/#\/schema\/logo\/image\/\"},\"sameAs\":[\"https:\/\/www.facebook.com\/Montina-623239277886558\/\"]}]}<\/script>\n<!-- \/ Yoast SEO plugin. -->","yoast_head_json":{"title":"Poltrona Matt - Montina","robots":{"index":"index","follow":"follow","max-snippet":"max-snippet:-1","max-image-preview":"max-image-preview:large","max-video-preview":"max-video-preview:-1"},"canonical":"https:\/\/montina.it\/en\/product\/poltrona-matt\/?trp_user_switched=1","og_locale":"en_GB","og_type":"article","og_title":"Poltrona Matt - Montina","og_description":"La sedia lounge Matt Lounge di Montina \u00e8 un complemento d\u2019arredo dal design contemporaneo che unisce comfort, eleganza materica e precisione costruttiva. L\u2019insieme di seduta e schienale \u00e8 realizzato con fodera in synderme di pelle, materiale tecnico che riproduce l\u2019aspetto della pelle naturale garantendo resistenza, uniformit\u00e0 estetica e buona durabilit\u00e0 nel tempo. La struttura interna [&hellip;]","og_url":"https:\/\/montina.it\/en\/product\/poltrona-matt\/?trp_user_switched=1","og_site_name":"Montina","article_publisher":"https:\/\/www.facebook.com\/Montina-623239277886558\/","article_modified_time":"2026-03-15T08:40:54+00:00","og_image":[{"width":1000,"height":989,"url":"https:\/\/montina.it\/wp-content\/uploads\/2025\/08\/Matt-Lounge-chair-steel-base-thick-leather-seat-by-Montina-buy-online.jpg","type":"image\/jpeg"}],"twitter_card":"summary_large_image","twitter_misc":{"Estimated reading time":"2 minutes"},"schema":{"@context":"https:\/\/schema.org","@graph":[{"@type":"WebPage","@id":"https:\/\/montina.it\/en\/matt-armchair\/","url":"https:\/\/montina.it\/en\/matt-armchair\/","name":"Matt Lounge | Montina\u00ae","isPartOf":{"@id":"https:\/\/montina.it\/en\/#website"},"primaryImageOfPage":{"@id":"https:\/\/montina.it\/prodotto\/poltrona-matt\/#primaryimage"},"image":{"@id":"https:\/\/montina.it\/prodotto\/poltrona-matt\/#primaryimage"},"thumbnailUrl":"https:\/\/montina.it\/wp-content\/uploads\/2025\/08\/Matt-Lounge-chair-steel-base-thick-leather-seat-by-Montina-buy-online.jpg","datePublished":"2025-08-29T07:33:03+00:00","dateModified":"2026-03-15T08:40:54+00:00","breadcrumb":{"@id":"https:\/\/montina.it\/prodotto\/poltrona-matt\/#breadcrumb"},"inLanguage":"en-GB","potentialAction":[{"@type":"ReadAction","target":["https:\/\/montina.it\/en\/matt-armchair\/"]}],"description":"Matt Lounge by Montina is a chrome steel lounge chair with synderme upholstery and zipper detail. Modern 100% Made in Italy design."},{"@type":"ImageObject","inLanguage":"en-GB","@id":"https:\/\/montina.it\/prodotto\/poltrona-matt\/#primaryimage","url":"https:\/\/montina.it\/wp-content\/uploads\/2025\/08\/Matt-Lounge-chair-steel-base-thick-leather-seat-by-Montina-buy-online.jpg","contentUrl":"https:\/\/montina.it\/wp-content\/uploads\/2025\/08\/Matt-Lounge-chair-steel-base-thick-leather-seat-by-Montina-buy-online.jpg","width":1000,"height":989},{"@type":"BreadcrumbList","@id":"https:\/\/montina.it\/prodotto\/poltrona-matt\/#breadcrumb","itemListElement":[{"@type":"ListItem","position":1,"name":"Home","item":"https:\/\/montina.it\/"},{"@type":"ListItem","position":2,"name":"Prodotti","item":"https:\/\/montina.it\/prodotti\/"},{"@type":"ListItem","position":3,"name":"Poltrona Matt"}]},{"@type":"WebSite","@id":"https:\/\/montina.it\/en\/#website","url":"https:\/\/montina.it\/en\/","name":"Montina","description":"","publisher":{"@id":"https:\/\/montina.it\/en\/#organization"},"potentialAction":[{"@type":"SearchAction","target":{"@type":"EntryPoint","urlTemplate":"https:\/\/montina.it\/en\/?s={search_term_string}"},"query-input":{"@type":"PropertyValueSpecification","valueRequired":true,"valueName":"search_term_string"}}],"inLanguage":"en-GB"},{"@type":"Organization","@id":"https:\/\/montina.it\/en\/#organization","name":"Montina","url":"https:\/\/montina.it\/en\/","logo":{"@type":"ImageObject","inLanguage":"en-GB","@id":"https:\/\/montina.it\/en\/#\/schema\/logo\/image\/","url":"https:\/\/montina.it\/wp-content\/uploads\/2025\/03\/MN_.svg","contentUrl":"https:\/\/montina.it\/wp-content\/uploads\/2025\/03\/MN_.svg","width":987,"height":253,"caption":"Montina"},"image":{"@id":"https:\/\/montina.it\/en\/#\/schema\/logo\/image\/"},"sameAs":["https:\/\/www.facebook.com\/Montina-623239277886558\/"]}]}},"_links":{"self":[{"href":"https:\/\/montina.it\/en\/wp-json\/wp\/v2\/product\/4017","targetHints":{"allow":["GET"]}}],"collection":[{"href":"https:\/\/montina.it\/en\/wp-json\/wp\/v2\/product"}],"about":[{"href":"https:\/\/montina.it\/en\/wp-json\/wp\/v2\/types\/product"}],"version-history":[{"count":8,"href":"https:\/\/montina.it\/en\/wp-json\/wp\/v2\/product\/4017\/revisions"}],"predecessor-version":[{"id":4691,"href":"https:\/\/montina.it\/en\/wp-json\/wp\/v2\/product\/4017\/revisions\/4691"}],"wp:featuredmedia":[{"embeddable":true,"href":"https:\/\/montina.it\/en\/wp-json\/wp\/v2\/media\/3956"}],"wp:attachment":[{"href":"https:\/\/montina.it\/en\/wp-json\/wp\/v2\/media?parent=4017"}],"wp:term":[{"taxonomy":"product_brand","embeddable":true,"href":"https:\/\/montina.it\/en\/wp-json\/wp\/v2\/product_brand?post=4017"},{"taxonomy":"product_cat","embeddable":true,"href":"https:\/\/montina.it\/en\/wp-json\/wp\/v2\/product_cat?post=4017"},{"taxonomy":"product_tag","embeddable":true,"href":"https:\/\/montina.it\/en\/wp-json\/wp\/v2\/product_tag?post=4017"}],"curies":[{"name":"wp","href":"https:\/\/api.w.org\/{rel}","templated":true}]}}