{"id":4642,"date":"2026-03-07T16:45:06","date_gmt":"2026-03-07T15:45:06","guid":{"rendered":"https:\/\/montina.it\/?post_type=product&#038;p=4642"},"modified":"2026-03-07T16:45:06","modified_gmt":"2026-03-07T15:45:06","slug":"lavorazione-marmo-5-assi-cnc","status":"publish","type":"product","link":"https:\/\/montina.it\/en\/product\/lavorazione-marmo-5-assi-cnc\/","title":{"rendered":"5-Axis Marble Milling CNC"},"content":{"rendered":"<p>La nostra lavorazione di fresatura e tornitura a controllo numerico a 5 assi rappresenta l\u2019eccellenza nella lavorazione del marmo di alta qualit\u00e0 per realizzazioni custom di livello superiore. L\u2019impiego di tecnologie avanzate e di processi produttivi ad altissima precisione consente di ottenere superfici perfettamente rifinite, geometrie complesse e dettagli estetici di grande pregio, nel pieno rispetto delle pi\u00f9 rigorose tolleranze dimensionali.<\/p>\n<p>L\u2019integrazione tra competenza artigianale e innovazione tecnologica permette di valorizzare le caratteristiche naturali del marmo, garantendo continuit\u00e0 delle venature, finiture raffinate e ripetibilit\u00e0 produttiva costante. Questa soluzione \u00e8 particolarmente adatta alla realizzazione di elementi per architettura, interior design di lusso, componenti decorativi e progetti personalizzati di fascia alta.<\/p>","protected":false},"excerpt":{"rendered":"<p>La nostra lavorazione di fresatura e tornitura a controllo numerico a 5 assi rappresenta l\u2019eccellenza nella lavorazione del marmo di alta qualit\u00e0 per realizzazioni custom di livello superiore. L\u2019impiego di tecnologie avanzate e di processi produttivi ad altissima precisione consente di ottenere superfici perfettamente rifinite, geometrie complesse e dettagli estetici di grande pregio, nel pieno [&hellip;]<\/p>","protected":false},"featured_media":4643,"template":"","meta":{"_acf_changed":false},"product_brand":[],"product_cat":[201],"product_tag":[],"class_list":{"0":"post-4642","1":"product","2":"type-product","3":"status-publish","4":"has-post-thumbnail","6":"product_cat-abaco-lavorazioni-in-uso","8":"first","9":"instock","10":"shipping-taxable","11":"product-type-simple"},"acf":[],"yoast_head":"<!-- This site is optimized with the Yoast SEO plugin v24.7 - https:\/\/yoast.com\/wordpress\/plugins\/seo\/ -->\n<title>Lavorazione Marmo 5 Assi CNC - Montina<\/title>\n<meta name=\"robots\" content=\"index, follow, max-snippet:-1, max-image-preview:large, max-video-preview:-1\" \/>\n<link rel=\"canonical\" href=\"https:\/\/montina.it\/en\/product\/lavorazione-marmo-5-assi-cnc\/?trp_user_switched=1\" \/>\n<meta property=\"og:locale\" content=\"en_GB\" \/>\n<meta property=\"og:type\" content=\"article\" \/>\n<meta property=\"og:title\" content=\"Lavorazione Marmo 5 Assi CNC - Montina\" \/>\n<meta property=\"og:description\" content=\"La nostra lavorazione di fresatura e tornitura a controllo numerico a 5 assi rappresenta l\u2019eccellenza nella lavorazione del marmo di alta qualit\u00e0 per realizzazioni custom di livello superiore. L\u2019impiego di tecnologie avanzate e di processi produttivi ad altissima precisione consente di ottenere superfici perfettamente rifinite, geometrie complesse e dettagli estetici di grande pregio, nel pieno [&hellip;]\" \/>\n<meta property=\"og:url\" content=\"https:\/\/montina.it\/en\/product\/lavorazione-marmo-5-assi-cnc\/?trp_user_switched=1\" \/>\n<meta property=\"og:site_name\" content=\"Montina\" \/>\n<meta property=\"article:publisher\" content=\"https:\/\/www.facebook.com\/Montina-623239277886558\/\" \/>\n<meta property=\"og:image\" content=\"https:\/\/montina.it\/wp-content\/uploads\/2026\/03\/IMG_2036-rotated.jpg\" \/>\n\t<meta property=\"og:image:width\" content=\"480\" \/>\n\t<meta property=\"og:image:height\" content=\"640\" \/>\n\t<meta property=\"og:image:type\" content=\"image\/jpeg\" \/>\n<meta name=\"twitter:card\" content=\"summary_large_image\" \/>\n<meta name=\"twitter:label1\" content=\"Estimated reading time\" \/>\n\t<meta name=\"twitter:data1\" content=\"1 minute\" \/>\n<script type=\"application\/ld+json\" class=\"yoast-schema-graph\">{\"@context\":\"https:\/\/schema.org\",\"@graph\":[{\"@type\":\"WebPage\",\"@id\":\"https:\/\/montina.it\/en\/product\/lavorazione-marmo-5-assi-cnc\/\",\"url\":\"https:\/\/montina.it\/en\/product\/lavorazione-marmo-5-assi-cnc\/\",\"name\":\"5-Axis Marble Milling CNC | Montina\u00ae\",\"isPartOf\":{\"@id\":\"https:\/\/montina.it\/en\/#website\"},\"primaryImageOfPage\":{\"@id\":\"https:\/\/montina.it\/prodotto\/lavorazione-marmo-5-assi-cnc\/#primaryimage\"},\"image\":{\"@id\":\"https:\/\/montina.it\/prodotto\/lavorazione-marmo-5-assi-cnc\/#primaryimage\"},\"thumbnailUrl\":\"https:\/\/montina.it\/wp-content\/uploads\/2026\/03\/IMG_2036-rotated.jpg\",\"datePublished\":\"2026-03-07T15:45:06+00:00\",\"breadcrumb\":{\"@id\":\"https:\/\/montina.it\/prodotto\/lavorazione-marmo-5-assi-cnc\/#breadcrumb\"},\"inLanguage\":\"en-GB\",\"potentialAction\":[{\"@type\":\"ReadAction\",\"target\":[\"https:\/\/montina.it\/en\/product\/lavorazione-marmo-5-assi-cnc\/\"]}],\"description\":\"5-Axis Marble Milling CNC | Montina\u00ae\"},{\"@type\":\"ImageObject\",\"inLanguage\":\"en-GB\",\"@id\":\"https:\/\/montina.it\/prodotto\/lavorazione-marmo-5-assi-cnc\/#primaryimage\",\"url\":\"https:\/\/montina.it\/wp-content\/uploads\/2026\/03\/IMG_2036-rotated.jpg\",\"contentUrl\":\"https:\/\/montina.it\/wp-content\/uploads\/2026\/03\/IMG_2036-rotated.jpg\",\"width\":480,\"height\":640},{\"@type\":\"BreadcrumbList\",\"@id\":\"https:\/\/montina.it\/prodotto\/lavorazione-marmo-5-assi-cnc\/#breadcrumb\",\"itemListElement\":[{\"@type\":\"ListItem\",\"position\":1,\"name\":\"Home\",\"item\":\"https:\/\/montina.it\/\"},{\"@type\":\"ListItem\",\"position\":2,\"name\":\"Prodotti\",\"item\":\"https:\/\/montina.it\/prodotti\/\"},{\"@type\":\"ListItem\",\"position\":3,\"name\":\"Lavorazione Marmo 5 Assi CNC\"}]},{\"@type\":\"WebSite\",\"@id\":\"https:\/\/montina.it\/en\/#website\",\"url\":\"https:\/\/montina.it\/en\/\",\"name\":\"Montina\",\"description\":\"\",\"publisher\":{\"@id\":\"https:\/\/montina.it\/en\/#organization\"},\"potentialAction\":[{\"@type\":\"SearchAction\",\"target\":{\"@type\":\"EntryPoint\",\"urlTemplate\":\"https:\/\/montina.it\/en\/?s={search_term_string}\"},\"query-input\":{\"@type\":\"PropertyValueSpecification\",\"valueRequired\":true,\"valueName\":\"search_term_string\"}}],\"inLanguage\":\"en-GB\"},{\"@type\":\"Organization\",\"@id\":\"https:\/\/montina.it\/en\/#organization\",\"name\":\"Montina\",\"url\":\"https:\/\/montina.it\/en\/\",\"logo\":{\"@type\":\"ImageObject\",\"inLanguage\":\"en-GB\",\"@id\":\"https:\/\/montina.it\/en\/#\/schema\/logo\/image\/\",\"url\":\"https:\/\/montina.it\/wp-content\/uploads\/2025\/03\/MN_.svg\",\"contentUrl\":\"https:\/\/montina.it\/wp-content\/uploads\/2025\/03\/MN_.svg\",\"width\":987,\"height\":253,\"caption\":\"Montina\"},\"image\":{\"@id\":\"https:\/\/montina.it\/en\/#\/schema\/logo\/image\/\"},\"sameAs\":[\"https:\/\/www.facebook.com\/Montina-623239277886558\/\"]}]}<\/script>\n<!-- \/ Yoast SEO plugin. -->","yoast_head_json":{"title":"Lavorazione Marmo 5 Assi CNC - Montina","robots":{"index":"index","follow":"follow","max-snippet":"max-snippet:-1","max-image-preview":"max-image-preview:large","max-video-preview":"max-video-preview:-1"},"canonical":"https:\/\/montina.it\/en\/product\/lavorazione-marmo-5-assi-cnc\/?trp_user_switched=1","og_locale":"en_GB","og_type":"article","og_title":"Lavorazione Marmo 5 Assi CNC - Montina","og_description":"La nostra lavorazione di fresatura e tornitura a controllo numerico a 5 assi rappresenta l\u2019eccellenza nella lavorazione del marmo di alta qualit\u00e0 per realizzazioni custom di livello superiore. L\u2019impiego di tecnologie avanzate e di processi produttivi ad altissima precisione consente di ottenere superfici perfettamente rifinite, geometrie complesse e dettagli estetici di grande pregio, nel pieno [&hellip;]","og_url":"https:\/\/montina.it\/en\/product\/lavorazione-marmo-5-assi-cnc\/?trp_user_switched=1","og_site_name":"Montina","article_publisher":"https:\/\/www.facebook.com\/Montina-623239277886558\/","og_image":[{"width":480,"height":640,"url":"https:\/\/montina.it\/wp-content\/uploads\/2026\/03\/IMG_2036-rotated.jpg","type":"image\/jpeg"}],"twitter_card":"summary_large_image","twitter_misc":{"Estimated reading time":"1 minute"},"schema":{"@context":"https:\/\/schema.org","@graph":[{"@type":"WebPage","@id":"https:\/\/montina.it\/en\/product\/lavorazione-marmo-5-assi-cnc\/","url":"https:\/\/montina.it\/en\/product\/lavorazione-marmo-5-assi-cnc\/","name":"5-Axis Marble Milling CNC | Montina\u00ae","isPartOf":{"@id":"https:\/\/montina.it\/en\/#website"},"primaryImageOfPage":{"@id":"https:\/\/montina.it\/prodotto\/lavorazione-marmo-5-assi-cnc\/#primaryimage"},"image":{"@id":"https:\/\/montina.it\/prodotto\/lavorazione-marmo-5-assi-cnc\/#primaryimage"},"thumbnailUrl":"https:\/\/montina.it\/wp-content\/uploads\/2026\/03\/IMG_2036-rotated.jpg","datePublished":"2026-03-07T15:45:06+00:00","breadcrumb":{"@id":"https:\/\/montina.it\/prodotto\/lavorazione-marmo-5-assi-cnc\/#breadcrumb"},"inLanguage":"en-GB","potentialAction":[{"@type":"ReadAction","target":["https:\/\/montina.it\/en\/product\/lavorazione-marmo-5-assi-cnc\/"]}],"description":"5-Axis Marble Milling CNC | Montina\u00ae"},{"@type":"ImageObject","inLanguage":"en-GB","@id":"https:\/\/montina.it\/prodotto\/lavorazione-marmo-5-assi-cnc\/#primaryimage","url":"https:\/\/montina.it\/wp-content\/uploads\/2026\/03\/IMG_2036-rotated.jpg","contentUrl":"https:\/\/montina.it\/wp-content\/uploads\/2026\/03\/IMG_2036-rotated.jpg","width":480,"height":640},{"@type":"BreadcrumbList","@id":"https:\/\/montina.it\/prodotto\/lavorazione-marmo-5-assi-cnc\/#breadcrumb","itemListElement":[{"@type":"ListItem","position":1,"name":"Home","item":"https:\/\/montina.it\/"},{"@type":"ListItem","position":2,"name":"Prodotti","item":"https:\/\/montina.it\/prodotti\/"},{"@type":"ListItem","position":3,"name":"Lavorazione Marmo 5 Assi CNC"}]},{"@type":"WebSite","@id":"https:\/\/montina.it\/en\/#website","url":"https:\/\/montina.it\/en\/","name":"Montina","description":"","publisher":{"@id":"https:\/\/montina.it\/en\/#organization"},"potentialAction":[{"@type":"SearchAction","target":{"@type":"EntryPoint","urlTemplate":"https:\/\/montina.it\/en\/?s={search_term_string}"},"query-input":{"@type":"PropertyValueSpecification","valueRequired":true,"valueName":"search_term_string"}}],"inLanguage":"en-GB"},{"@type":"Organization","@id":"https:\/\/montina.it\/en\/#organization","name":"Montina","url":"https:\/\/montina.it\/en\/","logo":{"@type":"ImageObject","inLanguage":"en-GB","@id":"https:\/\/montina.it\/en\/#\/schema\/logo\/image\/","url":"https:\/\/montina.it\/wp-content\/uploads\/2025\/03\/MN_.svg","contentUrl":"https:\/\/montina.it\/wp-content\/uploads\/2025\/03\/MN_.svg","width":987,"height":253,"caption":"Montina"},"image":{"@id":"https:\/\/montina.it\/en\/#\/schema\/logo\/image\/"},"sameAs":["https:\/\/www.facebook.com\/Montina-623239277886558\/"]}]}},"_links":{"self":[{"href":"https:\/\/montina.it\/en\/wp-json\/wp\/v2\/product\/4642","targetHints":{"allow":["GET"]}}],"collection":[{"href":"https:\/\/montina.it\/en\/wp-json\/wp\/v2\/product"}],"about":[{"href":"https:\/\/montina.it\/en\/wp-json\/wp\/v2\/types\/product"}],"version-history":[{"count":1,"href":"https:\/\/montina.it\/en\/wp-json\/wp\/v2\/product\/4642\/revisions"}],"predecessor-version":[{"id":4647,"href":"https:\/\/montina.it\/en\/wp-json\/wp\/v2\/product\/4642\/revisions\/4647"}],"wp:featuredmedia":[{"embeddable":true,"href":"https:\/\/montina.it\/en\/wp-json\/wp\/v2\/media\/4643"}],"wp:attachment":[{"href":"https:\/\/montina.it\/en\/wp-json\/wp\/v2\/media?parent=4642"}],"wp:term":[{"taxonomy":"product_brand","embeddable":true,"href":"https:\/\/montina.it\/en\/wp-json\/wp\/v2\/product_brand?post=4642"},{"taxonomy":"product_cat","embeddable":true,"href":"https:\/\/montina.it\/en\/wp-json\/wp\/v2\/product_cat?post=4642"},{"taxonomy":"product_tag","embeddable":true,"href":"https:\/\/montina.it\/en\/wp-json\/wp\/v2\/product_tag?post=4642"}],"curies":[{"name":"wp","href":"https:\/\/api.w.org\/{rel}","templated":true}]}}