{"id":4648,"date":"2026-03-07T16:58:06","date_gmt":"2026-03-07T15:58:06","guid":{"rendered":"https:\/\/montina.it\/?post_type=product&#038;p=4648"},"modified":"2026-03-09T16:21:09","modified_gmt":"2026-03-09T15:21:09","slug":"intarsio-laser-legno-e-metalli","status":"publish","type":"product","link":"https:\/\/montina.it\/en\/product\/intarsio-laser-legno-e-metalli\/","title":{"rendered":"Laser Inlay of Wood and Metals"},"content":{"rendered":"<p>La nostra lavorazione di taglio laser per legno e metalli rappresenta una soluzione tecnologicamente avanzata per la realizzazione di intarsi di elevata precisione e qualit\u00e0 estetica. L\u2019impiego di sistemi laser di ultima generazione consente di ottenere incisioni nette, bordi perfettamente definiti e geometrie anche molto complesse, garantendo un risultato finale di grande raffinatezza.<\/p>\n<p>L\u2019integrazione tra innovazione tecnologica e cura artigianale permette di sviluppare decorazioni per intarsio caratterizzate da elevata accuratezza dimensionale, continuit\u00e0 dei dettagli e ripetibilit\u00e0 produttiva. Questa lavorazione \u00e8 ideale per applicazioni in ambito arredamento di design, componenti decorativi, pannellature artistiche e soluzioni personalizzate di alto livello.<\/p>\n<div contenteditable=\"false\">\n<hr \/>\n<\/div>","protected":false},"excerpt":{"rendered":"<p>La nostra lavorazione di taglio laser per legno e metalli rappresenta una soluzione tecnologicamente avanzata per la realizzazione di intarsi di elevata precisione e qualit\u00e0 estetica. L\u2019impiego di sistemi laser di ultima generazione consente di ottenere incisioni nette, bordi perfettamente definiti e geometrie anche molto complesse, garantendo un risultato finale di grande raffinatezza. L\u2019integrazione tra [&hellip;]<\/p>","protected":false},"featured_media":4650,"template":"","meta":{"_acf_changed":false},"product_brand":[],"product_cat":[201],"product_tag":[],"class_list":{"0":"post-4648","1":"product","2":"type-product","3":"status-publish","4":"has-post-thumbnail","6":"product_cat-abaco-lavorazioni-in-uso","8":"first","9":"instock","10":"shipping-taxable","11":"product-type-simple"},"acf":[],"yoast_head":"<!-- This site is optimized with the Yoast SEO plugin v24.7 - https:\/\/yoast.com\/wordpress\/plugins\/seo\/ -->\n<title>Intarsio Laser Legno e Metalli - Montina<\/title>\n<meta name=\"robots\" content=\"index, follow, max-snippet:-1, max-image-preview:large, max-video-preview:-1\" \/>\n<link rel=\"canonical\" href=\"https:\/\/montina.it\/en\/product\/intarsio-laser-legno-e-metalli\/?trp_user_switched=1\" \/>\n<meta property=\"og:locale\" content=\"en_GB\" \/>\n<meta property=\"og:type\" content=\"article\" \/>\n<meta property=\"og:title\" content=\"Intarsio Laser Legno e Metalli - Montina\" \/>\n<meta property=\"og:description\" content=\"La nostra lavorazione di taglio laser per legno e metalli rappresenta una soluzione tecnologicamente avanzata per la realizzazione di intarsi di elevata precisione e qualit\u00e0 estetica. L\u2019impiego di sistemi laser di ultima generazione consente di ottenere incisioni nette, bordi perfettamente definiti e geometrie anche molto complesse, garantendo un risultato finale di grande raffinatezza. L\u2019integrazione tra [&hellip;]\" \/>\n<meta property=\"og:url\" content=\"https:\/\/montina.it\/en\/product\/intarsio-laser-legno-e-metalli\/?trp_user_switched=1\" \/>\n<meta property=\"og:site_name\" content=\"Montina\" \/>\n<meta property=\"article:publisher\" content=\"https:\/\/www.facebook.com\/Montina-623239277886558\/\" \/>\n<meta property=\"article:modified_time\" content=\"2026-03-09T15:21:09+00:00\" \/>\n<meta property=\"og:image\" content=\"https:\/\/montina.it\/wp-content\/uploads\/2026\/03\/IMG_3870-rotated.jpeg\" \/>\n\t<meta property=\"og:image:width\" content=\"480\" \/>\n\t<meta property=\"og:image:height\" content=\"640\" \/>\n\t<meta property=\"og:image:type\" content=\"image\/jpeg\" \/>\n<meta name=\"twitter:card\" content=\"summary_large_image\" \/>\n<meta name=\"twitter:label1\" content=\"Estimated reading time\" \/>\n\t<meta name=\"twitter:data1\" content=\"1 minute\" \/>\n<script type=\"application\/ld+json\" class=\"yoast-schema-graph\">{\"@context\":\"https:\/\/schema.org\",\"@graph\":[{\"@type\":\"WebPage\",\"@id\":\"https:\/\/montina.it\/en\/product\/intarsio-laser-legno-e-metalli\/\",\"url\":\"https:\/\/montina.it\/en\/product\/intarsio-laser-legno-e-metalli\/\",\"name\":\"Laser Inlay of Wood and Metals | Montina\u00ae\",\"isPartOf\":{\"@id\":\"https:\/\/montina.it\/en\/#website\"},\"primaryImageOfPage\":{\"@id\":\"https:\/\/montina.it\/prodotto\/intarsio-laser-legno-e-metalli\/#primaryimage\"},\"image\":{\"@id\":\"https:\/\/montina.it\/prodotto\/intarsio-laser-legno-e-metalli\/#primaryimage\"},\"thumbnailUrl\":\"https:\/\/montina.it\/wp-content\/uploads\/2026\/03\/IMG_3870-rotated.jpeg\",\"datePublished\":\"2026-03-07T15:58:06+00:00\",\"dateModified\":\"2026-03-09T15:21:09+00:00\",\"breadcrumb\":{\"@id\":\"https:\/\/montina.it\/prodotto\/intarsio-laser-legno-e-metalli\/#breadcrumb\"},\"inLanguage\":\"en-GB\",\"potentialAction\":[{\"@type\":\"ReadAction\",\"target\":[\"https:\/\/montina.it\/en\/product\/intarsio-laser-legno-e-metalli\/\"]}],\"description\":\"Laser Inlay of Wood and Metals | Montina\u00ae\"},{\"@type\":\"ImageObject\",\"inLanguage\":\"en-GB\",\"@id\":\"https:\/\/montina.it\/prodotto\/intarsio-laser-legno-e-metalli\/#primaryimage\",\"url\":\"https:\/\/montina.it\/wp-content\/uploads\/2026\/03\/IMG_3870-rotated.jpeg\",\"contentUrl\":\"https:\/\/montina.it\/wp-content\/uploads\/2026\/03\/IMG_3870-rotated.jpeg\",\"width\":480,\"height\":640},{\"@type\":\"BreadcrumbList\",\"@id\":\"https:\/\/montina.it\/prodotto\/intarsio-laser-legno-e-metalli\/#breadcrumb\",\"itemListElement\":[{\"@type\":\"ListItem\",\"position\":1,\"name\":\"Home\",\"item\":\"https:\/\/montina.it\/\"},{\"@type\":\"ListItem\",\"position\":2,\"name\":\"Prodotti\",\"item\":\"https:\/\/montina.it\/prodotti\/\"},{\"@type\":\"ListItem\",\"position\":3,\"name\":\"Intarsio Laser Legno e Metalli\"}]},{\"@type\":\"WebSite\",\"@id\":\"https:\/\/montina.it\/en\/#website\",\"url\":\"https:\/\/montina.it\/en\/\",\"name\":\"Montina\",\"description\":\"\",\"publisher\":{\"@id\":\"https:\/\/montina.it\/en\/#organization\"},\"potentialAction\":[{\"@type\":\"SearchAction\",\"target\":{\"@type\":\"EntryPoint\",\"urlTemplate\":\"https:\/\/montina.it\/en\/?s={search_term_string}\"},\"query-input\":{\"@type\":\"PropertyValueSpecification\",\"valueRequired\":true,\"valueName\":\"search_term_string\"}}],\"inLanguage\":\"en-GB\"},{\"@type\":\"Organization\",\"@id\":\"https:\/\/montina.it\/en\/#organization\",\"name\":\"Montina\",\"url\":\"https:\/\/montina.it\/en\/\",\"logo\":{\"@type\":\"ImageObject\",\"inLanguage\":\"en-GB\",\"@id\":\"https:\/\/montina.it\/en\/#\/schema\/logo\/image\/\",\"url\":\"https:\/\/montina.it\/wp-content\/uploads\/2025\/03\/MN_.svg\",\"contentUrl\":\"https:\/\/montina.it\/wp-content\/uploads\/2025\/03\/MN_.svg\",\"width\":987,\"height\":253,\"caption\":\"Montina\"},\"image\":{\"@id\":\"https:\/\/montina.it\/en\/#\/schema\/logo\/image\/\"},\"sameAs\":[\"https:\/\/www.facebook.com\/Montina-623239277886558\/\"]}]}<\/script>\n<!-- \/ Yoast SEO plugin. -->","yoast_head_json":{"title":"Intarsio Laser Legno e Metalli - Montina","robots":{"index":"index","follow":"follow","max-snippet":"max-snippet:-1","max-image-preview":"max-image-preview:large","max-video-preview":"max-video-preview:-1"},"canonical":"https:\/\/montina.it\/en\/product\/intarsio-laser-legno-e-metalli\/?trp_user_switched=1","og_locale":"en_GB","og_type":"article","og_title":"Intarsio Laser Legno e Metalli - Montina","og_description":"La nostra lavorazione di taglio laser per legno e metalli rappresenta una soluzione tecnologicamente avanzata per la realizzazione di intarsi di elevata precisione e qualit\u00e0 estetica. L\u2019impiego di sistemi laser di ultima generazione consente di ottenere incisioni nette, bordi perfettamente definiti e geometrie anche molto complesse, garantendo un risultato finale di grande raffinatezza. L\u2019integrazione tra [&hellip;]","og_url":"https:\/\/montina.it\/en\/product\/intarsio-laser-legno-e-metalli\/?trp_user_switched=1","og_site_name":"Montina","article_publisher":"https:\/\/www.facebook.com\/Montina-623239277886558\/","article_modified_time":"2026-03-09T15:21:09+00:00","og_image":[{"width":480,"height":640,"url":"https:\/\/montina.it\/wp-content\/uploads\/2026\/03\/IMG_3870-rotated.jpeg","type":"image\/jpeg"}],"twitter_card":"summary_large_image","twitter_misc":{"Estimated reading time":"1 minute"},"schema":{"@context":"https:\/\/schema.org","@graph":[{"@type":"WebPage","@id":"https:\/\/montina.it\/en\/product\/intarsio-laser-legno-e-metalli\/","url":"https:\/\/montina.it\/en\/product\/intarsio-laser-legno-e-metalli\/","name":"Laser Inlay of Wood and Metals | Montina\u00ae","isPartOf":{"@id":"https:\/\/montina.it\/en\/#website"},"primaryImageOfPage":{"@id":"https:\/\/montina.it\/prodotto\/intarsio-laser-legno-e-metalli\/#primaryimage"},"image":{"@id":"https:\/\/montina.it\/prodotto\/intarsio-laser-legno-e-metalli\/#primaryimage"},"thumbnailUrl":"https:\/\/montina.it\/wp-content\/uploads\/2026\/03\/IMG_3870-rotated.jpeg","datePublished":"2026-03-07T15:58:06+00:00","dateModified":"2026-03-09T15:21:09+00:00","breadcrumb":{"@id":"https:\/\/montina.it\/prodotto\/intarsio-laser-legno-e-metalli\/#breadcrumb"},"inLanguage":"en-GB","potentialAction":[{"@type":"ReadAction","target":["https:\/\/montina.it\/en\/product\/intarsio-laser-legno-e-metalli\/"]}],"description":"Laser Inlay of Wood and Metals | Montina\u00ae"},{"@type":"ImageObject","inLanguage":"en-GB","@id":"https:\/\/montina.it\/prodotto\/intarsio-laser-legno-e-metalli\/#primaryimage","url":"https:\/\/montina.it\/wp-content\/uploads\/2026\/03\/IMG_3870-rotated.jpeg","contentUrl":"https:\/\/montina.it\/wp-content\/uploads\/2026\/03\/IMG_3870-rotated.jpeg","width":480,"height":640},{"@type":"BreadcrumbList","@id":"https:\/\/montina.it\/prodotto\/intarsio-laser-legno-e-metalli\/#breadcrumb","itemListElement":[{"@type":"ListItem","position":1,"name":"Home","item":"https:\/\/montina.it\/"},{"@type":"ListItem","position":2,"name":"Prodotti","item":"https:\/\/montina.it\/prodotti\/"},{"@type":"ListItem","position":3,"name":"Intarsio Laser Legno e Metalli"}]},{"@type":"WebSite","@id":"https:\/\/montina.it\/en\/#website","url":"https:\/\/montina.it\/en\/","name":"Montina","description":"","publisher":{"@id":"https:\/\/montina.it\/en\/#organization"},"potentialAction":[{"@type":"SearchAction","target":{"@type":"EntryPoint","urlTemplate":"https:\/\/montina.it\/en\/?s={search_term_string}"},"query-input":{"@type":"PropertyValueSpecification","valueRequired":true,"valueName":"search_term_string"}}],"inLanguage":"en-GB"},{"@type":"Organization","@id":"https:\/\/montina.it\/en\/#organization","name":"Montina","url":"https:\/\/montina.it\/en\/","logo":{"@type":"ImageObject","inLanguage":"en-GB","@id":"https:\/\/montina.it\/en\/#\/schema\/logo\/image\/","url":"https:\/\/montina.it\/wp-content\/uploads\/2025\/03\/MN_.svg","contentUrl":"https:\/\/montina.it\/wp-content\/uploads\/2025\/03\/MN_.svg","width":987,"height":253,"caption":"Montina"},"image":{"@id":"https:\/\/montina.it\/en\/#\/schema\/logo\/image\/"},"sameAs":["https:\/\/www.facebook.com\/Montina-623239277886558\/"]}]}},"_links":{"self":[{"href":"https:\/\/montina.it\/en\/wp-json\/wp\/v2\/product\/4648","targetHints":{"allow":["GET"]}}],"collection":[{"href":"https:\/\/montina.it\/en\/wp-json\/wp\/v2\/product"}],"about":[{"href":"https:\/\/montina.it\/en\/wp-json\/wp\/v2\/types\/product"}],"version-history":[{"count":4,"href":"https:\/\/montina.it\/en\/wp-json\/wp\/v2\/product\/4648\/revisions"}],"predecessor-version":[{"id":4674,"href":"https:\/\/montina.it\/en\/wp-json\/wp\/v2\/product\/4648\/revisions\/4674"}],"wp:featuredmedia":[{"embeddable":true,"href":"https:\/\/montina.it\/en\/wp-json\/wp\/v2\/media\/4650"}],"wp:attachment":[{"href":"https:\/\/montina.it\/en\/wp-json\/wp\/v2\/media?parent=4648"}],"wp:term":[{"taxonomy":"product_brand","embeddable":true,"href":"https:\/\/montina.it\/en\/wp-json\/wp\/v2\/product_brand?post=4648"},{"taxonomy":"product_cat","embeddable":true,"href":"https:\/\/montina.it\/en\/wp-json\/wp\/v2\/product_cat?post=4648"},{"taxonomy":"product_tag","embeddable":true,"href":"https:\/\/montina.it\/en\/wp-json\/wp\/v2\/product_tag?post=4648"}],"curies":[{"name":"wp","href":"https:\/\/api.w.org\/{rel}","templated":true}]}}